{"id":7,"date":"2020-11-06T20:02:44","date_gmt":"2020-11-06T20:02:44","guid":{"rendered":"https:\/\/www.sbgames.org\/sbgames2021\/?page_id=7"},"modified":"2021-10-22T18:04:15","modified_gmt":"2021-10-22T18:04:15","slug":"bem-vindo-ao-sbgames-2021","status":"publish","type":"page","link":"https:\/\/www.sbgames.org\/sbgames2021\/","title":{"rendered":"Bem-vindo ao SBGames 2021"},"content":{"rendered":"\n<div style=\"height:50px\" aria-hidden=\"true\" class=\"wp-block-spacer\"><\/div>\n\n\n\n<p>SBGames&nbsp;&#8211; Simp\u00f3sio Brasileiro de Jogos de Computador e Entretenimento Digital \u00e9&nbsp;o principal evento&nbsp;e pioneiro&nbsp;em Jogos e Entretenimento Digital no Brasil. \u00c9 promovido anualmente pelo Grupo de Interesse Especial em Jogos e Entretenimento Digital (CEJOGOS) da Sociedade Brasileira de Computa\u00e7\u00e3o (SBC).&nbsp;<\/p>\n\n\n\n<p>Devido \u00e0 evolu\u00e7\u00e3o da pandemia do&nbsp;Coronavirus, o&nbsp;SBGames&nbsp;2021 ser\u00e1 um evento inteiramente virtual em outubro de 2021 (originalmente planejado para ser realizado em Gramado, Rio Grande do Sul, Brasil). O&nbsp;SBGames&nbsp;re\u00fane pesquisadores, estudantes e profissionais de diversas \u00e1reas acad\u00eamicas, industriais e comerciais interessados \u200b\u200bnos avan\u00e7os e aplica\u00e7\u00f5es dos Jogos e Entretenimento Digital.&nbsp;<\/p>\n\n\n\n<p>Junte-se ao&nbsp;SBGames&nbsp;para uma ou mais das v\u00e1rias atividades que incluem: Tutoriais; Workshops; Palestras convidadas (nacionais e internacionais);&nbsp;Trilhas&nbsp;principais;&nbsp;Atividades e&nbsp;Sess\u00f5es t\u00e9cnicas para apresenta\u00e7\u00e3o de trabalhos selecionados.&nbsp;<\/p>\n\n\n\n<p>A 20\u00aa edi\u00e7\u00e3o do&nbsp;SBGames&nbsp;est\u00e1 sendo organizada pela Pontif\u00edcia Universidade Cat\u00f3lica do Rio Grande do Sul (PUCRS), UNISINOS e UNIRITTER.&nbsp;<\/p>\n\n\n\n<hr class=\"wp-block-separator\"\/>\n\n\n\n<h3 class=\"has-text-align-center wp-block-heading\">O evento ser\u00e1 <strong>virtual<\/strong>, de 18 a 21 de outubro de 2021<\/h3>\n\n\n\n<hr class=\"wp-block-separator\"\/>\n\n\n\n<h3 class=\"has-text-align-center wp-block-heading\"><strong>Inscri\u00e7\u00f5es abertas.<\/strong> <a rel=\"noreferrer noopener\" href=\"https:\/\/www.sbgames.org\/sbgames2021\/informacoes-gerais\/#inscricao\" target=\"_blank\">Clique aqui para mais informa\u00e7\u00f5es<\/a><\/h3>\n\n\n\n<hr class=\"wp-block-separator\"\/>\n\n\n\n<h2 class=\"has-text-align-center wp-block-heading\">Finalistas e Vencedores no SBGames 2021<\/h2>\n\n\n\n<div class=\"wp-block-buttons aligncenter is-layout-flex wp-block-buttons-is-layout-flex\">\n<div class=\"wp-block-button is-style-outline is-style-outline--1\"><a class=\"wp-block-button__link has-text-color\" href=\"https:\/\/www.sbgames.org\/sbgames2021\/wp-content\/uploads\/2021\/10\/CerimoniaPremiacaoSomente.pdf\" style=\"color:#5b9292\" target=\"_blank\" rel=\"noreferrer noopener\">Cerimonia de Premia\u00e7\u00e3o<\/a><\/div>\n<\/div>\n\n\n\n<hr class=\"wp-block-separator\"\/>\n\n\n\n<h2 class=\"has-text-align-center wp-block-heading\">Festival de Jogos<\/h2>\n\n\n\n<div class=\"wp-block-buttons aligncenter is-layout-flex wp-block-buttons-is-layout-flex\">\n<div class=\"wp-block-button is-style-outline is-style-outline--2\"><a class=\"wp-block-button__link has-text-color\" href=\"https:\/\/www.sbgames.org\/finalista-festival\/\" style=\"color:#5b9292\" target=\"_blank\" rel=\"noreferrer noopener\">Vencedores e Finalistas<\/a><\/div>\n<\/div>\n\n\n\n<hr class=\"wp-block-separator\"\/>\n\n\n\n<h3 class=\"has-text-align-center wp-block-heading\">Keynotes e Palestrantes<\/h3>\n\n\n\n<div style=\"height:20px\" aria-hidden=\"true\" class=\"wp-block-spacer\"><\/div>\n\n\n\n<div class=\"wp-block-columns are-vertically-aligned-center is-layout-flex wp-container-core-columns-is-layout-9d6595d7 wp-block-columns-is-layout-flex\">\n<div class=\"wp-block-column is-vertically-aligned-center is-layout-flow wp-block-column-is-layout-flow\">\n<div class=\"wp-block-image keynote-card\"><figure class=\"alignright size-thumbnail is-resized\"><img loading=\"lazy\" decoding=\"async\" src=\"https:\/\/www.sbgames.org\/sbgames2021\/wp-content\/uploads\/2021\/10\/MagyPhoto-150x150.jpg\" alt=\"\" class=\"wp-image-956\" width=\"185\" height=\"185\"\/><figcaption><strong><a rel=\"noreferrer noopener\" href=\"https:\/\/www.sbgames.org\/sbgames2021\/keynotes-e-palestrantes-convidados\/#magy\" target=\"_blank\">Magy Seif El-Nasr<\/a><br><\/strong>Vice Chair of Serious Games<br>21\/10, 15h as 16h<\/figcaption><\/figure><\/div>\n<\/div>\n\n\n\n<div class=\"wp-block-column is-vertically-aligned-center is-layout-flow wp-block-column-is-layout-flow\">\n<div class=\"wp-block-image keynote-card\"><figure class=\"aligncenter size-thumbnail is-resized\"><img loading=\"lazy\" decoding=\"async\" src=\"https:\/\/www.sbgames.org\/sbgames2021\/wp-content\/uploads\/2021\/10\/Geber-Ramalho-1-150x150.png\" alt=\"\" class=\"wp-image-957\" width=\"185\" height=\"185\"\/><figcaption><a rel=\"noreferrer noopener\" href=\"https:\/\/www.sbgames.org\/sbgames2021\/keynotes-e-palestrantes-convidados\/#gaber\" target=\"_blank\">Geber Ramalho<\/a><br>Professor da UFPE<br>18\/10, 14:30h<\/figcaption><\/figure><\/div>\n<\/div>\n\n\n\n<div class=\"wp-block-column is-vertically-aligned-center is-layout-flow wp-block-column-is-layout-flow\">\n<div class=\"wp-block-image keynote-card\"><figure class=\"alignleft size-thumbnail is-resized\"><img loading=\"lazy\" decoding=\"async\" src=\"https:\/\/www.sbgames.org\/sbgames2021\/wp-content\/uploads\/2021\/10\/keynotephoto_Regine-1-150x150.png\" alt=\"\" class=\"wp-image-991\" width=\"185\" height=\"185\" srcset=\"https:\/\/www.sbgames.org\/sbgames2021\/wp-content\/uploads\/2021\/10\/keynotephoto_Regine-1-150x150.png 150w, https:\/\/www.sbgames.org\/sbgames2021\/wp-content\/uploads\/2021\/10\/keynotephoto_Regine-1-300x300.png 300w, https:\/\/www.sbgames.org\/sbgames2021\/wp-content\/uploads\/2021\/10\/keynotephoto_Regine-1.png 376w\" sizes=\"auto, (max-width: 185px) 100vw, 185px\" \/><figcaption><a href=\"https:\/\/www.sbgames.org\/sbgames2021\/keynotes-e-palestrantes-convidados\/#regine\" data-type=\"URL\" target=\"_blank\" rel=\"noreferrer noopener\"><strong>Regin\u00e9 Gilbert<\/strong><\/a><a rel=\"noreferrer noopener\" href=\"https:\/\/www.sbgames.org\/sbgames2021\/keynotes-e-palestrantes-convidados\/\" data-type=\"URL\" data-id=\"https:\/\/www.sbgames.org\/sbgames2021\/keynotes-e-palestrantes-convidados\/\" target=\"_blank\"><br><\/a>20\/10, 15h<\/figcaption><\/figure><\/div>\n<\/div>\n<\/div>\n\n\n\n<div class=\"wp-block-columns are-vertically-aligned-center is-layout-flex wp-container-core-columns-is-layout-9d6595d7 wp-block-columns-is-layout-flex\">\n<div class=\"wp-block-column is-vertically-aligned-center is-layout-flow wp-block-column-is-layout-flow\">\n<div class=\"wp-block-image keynote-card\"><figure class=\"alignright size-thumbnail is-resized\"><img loading=\"lazy\" decoding=\"async\" src=\"https:\/\/www.sbgames.org\/sbgames2021\/wp-content\/uploads\/2021\/10\/Hugo_Proenca-1-150x150.jpg\" alt=\"\" class=\"wp-image-988\" width=\"185\" height=\"185\"\/><figcaption><a rel=\"noreferrer noopener\" href=\"https:\/\/www.sbgames.org\/sbgames2021\/keynotes-e-palestrantes-convidados\/#hugo\" target=\"_blank\">Hugo Proen\u00e7a<\/a><br>Professor Associado da UBI<a rel=\"noreferrer noopener\" href=\"https:\/\/www.sbgames.org\/sbgames2021\/keynotes-e-palestrantes-convidados\/#hugo\" target=\"_blank\"><br><\/a>19\/10, 15h<\/figcaption><\/figure><\/div>\n<\/div>\n\n\n\n<div class=\"wp-block-column is-vertically-aligned-center is-layout-flow wp-block-column-is-layout-flow\">\n<div class=\"wp-block-image keynote-card\"><figure class=\"aligncenter size-thumbnail is-resized\"><img loading=\"lazy\" decoding=\"async\" src=\"https:\/\/www.sbgames.org\/sbgames2021\/wp-content\/uploads\/2021\/10\/Perfil_Sheila-1-150x150.png\" alt=\"\" class=\"wp-image-983\" width=\"185\" height=\"185\"\/><figcaption><a rel=\"noreferrer noopener\" href=\"https:\/\/www.sbgames.org\/sbgames2021\/keynotes-e-palestrantes-convidados\/#favia-sheila\" target=\"_blank\"><\/a><a rel=\"noreferrer noopener\" href=\"https:\/\/www.sbgames.org\/sbgames2021\/keynotes-e-palestrantes-convidados\/#favia-sheila\" target=\"_blank\">Sheila Murta<\/a><br>Universidade de Bras\u00edlia<br>20\/10, 14h<\/figcaption><\/figure><\/div>\n<\/div>\n\n\n\n<div class=\"wp-block-column is-vertically-aligned-center is-layout-flow wp-block-column-is-layout-flow\">\n<div class=\"wp-block-image keynote-card\"><figure class=\"alignleft size-thumbnail is-resized\"><img loading=\"lazy\" decoding=\"async\" src=\"https:\/\/www.sbgames.org\/sbgames2021\/wp-content\/uploads\/2021\/10\/Gabi_colour_QF3A9347-Edit-819x1024-1-150x150.jpg\" alt=\"\" class=\"wp-image-1004\" width=\"185\" height=\"185\"\/><figcaption><a href=\"https:\/\/www.sbgames.org\/sbgames2021\/keynotes-e-palestrantes-convidados\/#favia-sheila\" target=\"_blank\" rel=\"noreferrer noopener\">Gabriela Pavarini<\/a><br>Universidade de Oxford<a href=\"https:\/\/www.sbgames.org\/sbgames2021\/keynotes-e-palestrantes-convidados\/#favia-sheila\" data-type=\"URL\" data-id=\"https:\/\/www.sbgames.org\/sbgames2021\/keynotes-e-palestrantes-convidados\/#favia-sheila\"><br><\/a>20\/10, 14h<\/figcaption><\/figure><\/div>\n<\/div>\n<\/div>\n\n\n\n<hr class=\"wp-block-separator\"\/>\n\n\n\n<h2 class=\"has-text-align-center wp-block-heading\">Programa\u00e7\u00e3o Geral Disponivel<\/h2>\n\n\n\n<div class=\"wp-block-buttons aligncenter is-layout-flex wp-block-buttons-is-layout-flex\">\n<div class=\"wp-block-button is-style-outline is-style-outline--3\"><a class=\"wp-block-button__link has-text-color\" href=\"https:\/\/www.sbgames.org\/programacao-2021\/\" style=\"color:#5b9292\">Programa<\/a><\/div>\n<\/div>\n\n\n\n<hr class=\"wp-block-separator\"\/>\n\n\n\n<h2 class=\"has-text-align-center mb-3 wp-block-heading\">Datas Importantes:<\/h2>\n\n\n\n<figure class=\"wp-block-table is-style-stripes\"><table><tbody><tr><td>Registro Antecipado<\/td><td class=\"has-text-align-center\" data-align=\"center\">13\/Set\/21 (encerra inscri\u00e7\u00e3o com desconto)<\/td><\/tr><tr><td>Evento<\/td><td class=\"has-text-align-center\" data-align=\"center\">18\/Out\/21<\/td><\/tr><\/tbody><\/table><\/figure>\n\n\n\n<h4 class=\"wp-block-heading\">Computa\u00e7\u00e3o<\/h4>\n\n\n\n<figure class=\"wp-block-table is-style-stripes\"><table><tbody><tr><td>Submiss\u00e3o at\u00e9<\/td><td class=\"has-text-align-center\" data-align=\"center\"><s><span class=\"has-inline-color has-black-color\">16\/Jul<\/span><\/s><span class=\"has-inline-color has-vivid-red-color\"><strong> <\/strong><\/span><strong><span class=\"has-inline-color has-pale-cyan-blue-color\">25\/Jul<\/span><\/strong> \u2713<\/td><\/tr><tr><td>Notifica\u00e7\u00e3o da primeira decis\u00e3o<\/td><td class=\"has-text-align-center\" data-align=\"center\"><s><span class=\"has-inline-color has-black-color\">24\/Aug<\/span><\/s><strong><span class=\"has-inline-color has-vivid-red-color\"> <\/span><span class=\"has-inline-color has-pale-cyan-blue-color\">26\/Aug<\/span><\/strong> \u2713<\/td><\/tr><tr><td>First rebuttal submission<\/td><td class=\"has-text-align-center\" data-align=\"center\"><s><span class=\"has-inline-color has-black-color\">4\/Sep<\/span><\/s><strong><span class=\"has-inline-color has-vivid-red-color\"> <\/span><span class=\"has-inline-color has-pale-cyan-blue-color\">08\/Sep<\/span><\/strong> \u2713<\/td><\/tr><tr><td>Notifica\u00e7\u00e3o de Aceite<\/td><td class=\"has-text-align-center\" data-align=\"center\"><s><span class=\"has-inline-color has-black-color\">24\/Sep<\/span><\/s><strong><span class=\"has-inline-color has-vivid-red-color\"> <\/span><span class=\"has-inline-color has-pale-cyan-blue-color\">18\/Sep<\/span><\/strong>\u2713<\/td><\/tr><tr><td>Envio da vers\u00e3o final revisada, para publica\u00e7\u00e3o (Camera-Ready)<\/td><td class=\"has-text-align-center\" data-align=\"center\"><s><span class=\"has-inline-color has-black-color\">8\/Oct<\/span><\/s><strong><span class=\"has-inline-color has-vivid-red-color\"> <\/span><span class=\"has-inline-color has-pale-cyan-blue-color\">13\/Oct <\/span><\/strong>\u2713<\/td><\/tr><\/tbody><\/table><\/figure>\n\n\n\n<h4 class=\"wp-block-heading\">Outras Trilhas<\/h4>\n\n\n\n<figure class=\"wp-block-table is-style-stripes\"><table><tbody><tr><td>Submiss\u00e3o at\u00e9<\/td><td class=\"has-text-align-center\" data-align=\"center\"><s>25\/Jul\/21<\/s> <strong><span class=\"has-inline-color has-pale-cyan-blue-color\">01\/Ago\/21 <\/span><\/strong>\u2713<\/td><\/tr><tr><td>Notifica\u00e7\u00e3o de Aceite<\/td><td class=\"has-text-align-center\" data-align=\"center\"><s>3\/Set\/21<\/s> <strong><span class=\"has-inline-color has-pale-cyan-blue-color\">10\/Set\/21<\/span><span class=\"has-inline-color has-vivid-red-color\"> <\/span><\/strong>\u2713<\/td><\/tr><tr><td>Envio da vers\u00e3o final revisada, para publica\u00e7\u00e3o (Camera-Ready)<\/td><td class=\"has-text-align-center\" data-align=\"center\"><span class=\"has-inline-color has-pale-cyan-blue-color\">23\/Set\/21<\/span> <strong>(hard deadline)<\/strong> \u2713<\/td><\/tr><\/tbody><\/table><\/figure>\n\n\n\n<h4 class=\"wp-block-heading\">Festival de Jogos<\/h4>\n\n\n\n<figure class=\"wp-block-table is-style-stripes\"><table><tbody><tr><td>Per\u00edodo de Inscri\u00e7\u00e3o<\/td><td class=\"has-text-align-center\" data-align=\"center\">12\/04 a <s>18\/07<\/s> <span class=\"has-inline-color has-pale-cyan-blue-color\"><strong>01\/08<\/strong> <\/span>\u2713<\/td><\/tr><tr><td>Divulga\u00e7\u00e3o da Sele\u00e7\u00e3o Oficial SBGames 2021<\/td><td class=\"has-text-align-center\" data-align=\"center\"><span class=\"has-inline-color has-pale-cyan-blue-color\">20\/08<\/span> \u2713<\/td><\/tr><tr><td>Divulga\u00e7\u00e3o dos Finalistas<\/td><td class=\"has-text-align-center\" data-align=\"center\"><span class=\"has-inline-color has-pale-cyan-blue-color\">01\/10<\/span> \u2713<\/td><\/tr><tr><td>Divulga\u00e7\u00e3o dos Vencedores<\/td><td class=\"has-text-align-center\" data-align=\"center\">20\/10 durante o SBGames<\/td><\/tr><\/tbody><\/table><\/figure>\n\n\n\n<h4 class=\"wp-block-heading\">Festival de Artes<\/h4>\n\n\n\n<figure class=\"wp-block-table is-style-stripes\"><table><tbody><tr><td>Prazo para submiss\u00e3o das artes<\/td><td class=\"has-text-align-center\" data-align=\"center\">02\/08\/2021 a <s>22\/08\/20<span class=\"has-inline-color has-black-color\">21<\/span><\/s><span class=\"has-inline-color has-vivid-red-color\">&nbsp;<\/span><strong><span class=\"has-inline-color has-pale-cyan-blue-color\">05\/09\/2021<\/span><\/strong> \u2713<\/td><\/tr><tr><td>Notifica\u00e7\u00e3o de aceite<\/td><td class=\"has-text-align-center\" data-align=\"center\"><s>17\/09\/2021<\/s> &nbsp;<strong><span class=\"has-inline-color has-pale-cyan-blue-color\">27\/09\/2021<\/span><\/strong> \u2713<\/td><\/tr><tr><td>Prazo limite para os autores enviarem adequa\u00e7\u00f5es sugeridas no aceite<\/td><td class=\"has-text-align-center\" data-align=\"center\"><s>22\/09\/2021<\/s> <span class=\"has-inline-color has-pale-cyan-blue-color\">04\/10\/2021<\/span><span class=\"has-inline-color has-vivid-red-color\"> <\/span><strong><span class=\"has-inline-color has-black-color\">\u2713<\/span><\/strong><\/td><\/tr><\/tbody><\/table><\/figure>\n\n\n\n<h4 class=\"wp-block-heading\">Jogos Diversos<\/h4>\n\n\n\n<figure class=\"wp-block-table is-style-stripes\"><table><tbody><tr><td>Submiss\u00e3o at\u00e9<\/td><td class=\"has-text-align-center\" data-align=\"center\"><s>22\/08<\/s> <strong><span class=\"has-inline-color has-pale-cyan-blue-color\">12\/09<\/span><\/strong> \u2713<\/td><\/tr><tr><td>Notifica\u00e7\u00e3o de Aceite<\/td><td class=\"has-text-align-center\" data-align=\"center\"><s>15\/09<\/s>&nbsp;<span class=\"has-inline-color has-pale-cyan-blue-color\"><strong>18\/0<\/strong>9<\/span><span class=\"has-inline-color has-vivid-red-color\"><strong> <\/strong><\/span>\u2713<\/td><\/tr><tr><td>Submiss\u00e3o da vers\u00e3o&nbsp;camera&nbsp;ready<\/td><td class=\"has-text-align-center\" data-align=\"center\"><s>23\/09<\/s>&nbsp;<strong><span class=\"has-inline-color has-pale-cyan-blue-color\">25\/09 <\/span><\/strong>\u2713<\/td><\/tr><\/tbody><\/table><\/figure>\n\n\n\n<hr class=\"wp-block-separator\"\/>\n\n\n\n<h4 class=\"wp-block-heading\">Endere\u00e7o PUC-RS<\/h4>\n\n\n\n<p>Av. Ipiranga, 6681 &#8211; Building 32 &#8211; Room 609<br>90619-900 &#8211; Porto Alegre &#8211; RS &#8211; Brazil<\/p>\n\n\n\n<hr class=\"wp-block-separator\"\/>\n\n\n\n<h4 class=\"has-text-align-center wp-block-heading\">Patrocinio<\/h4>\n\n\n\n<div class=\"wp-block-columns are-vertically-aligned-center is-layout-flex wp-container-core-columns-is-layout-9d6595d7 wp-block-columns-is-layout-flex\">\n<div class=\"wp-block-column is-vertically-aligned-center is-layout-flow wp-block-column-is-layout-flow\"><\/div>\n\n\n\n<div class=\"wp-block-column is-vertically-aligned-center is-layout-flow wp-block-column-is-layout-flow\">\n<figure class=\"wp-block-embed is-type-video is-provider-youtube wp-block-embed-youtube wp-embed-aspect-16-9 wp-has-aspect-ratio\"><div class=\"wp-block-embed__wrapper\">\n<iframe loading=\"lazy\" title=\"Poatek Academy\" width=\"500\" height=\"281\" src=\"https:\/\/www.youtube.com\/embed\/pKxZSf6OQOQ?feature=oembed\" frameborder=\"0\" allow=\"accelerometer; autoplay; clipboard-write; encrypted-media; gyroscope; picture-in-picture; web-share\" referrerpolicy=\"strict-origin-when-cross-origin\" allowfullscreen><\/iframe>\n<\/div><\/figure>\n<\/div>\n\n\n\n<div class=\"wp-block-column is-vertically-aligned-center is-layout-flow wp-block-column-is-layout-flow\"><\/div>\n<\/div>\n","protected":false},"excerpt":{"rendered":"<p>SBGames&nbsp;&#8211; Simp\u00f3sio Brasileiro de Jogos de Computador e Entretenimento Digital \u00e9&nbsp;o principal evento&nbsp;e pioneiro&nbsp;em Jogos e Entretenimento Digital no Brasil. \u00c9 promovido anualmente pelo Grupo de Interesse Especial em Jogos e Entretenimento Digital (CEJOGOS) da Sociedade Brasileira de Computa\u00e7\u00e3o (SBC).&nbsp; Devido \u00e0 evolu\u00e7\u00e3o da pandemia do&nbsp;Coronavirus, o&nbsp;SBGames&nbsp;2021 ser\u00e1 um evento inteiramente virtual em outubro de [&hellip;]<\/p>\n","protected":false},"author":1,"featured_media":0,"parent":0,"menu_order":0,"comment_status":"closed","ping_status":"closed","template":"home_page.php","meta":{"footnotes":""},"class_list":["post-7","page","type-page","status-publish","hentry"],"_links":{"self":[{"href":"https:\/\/www.sbgames.org\/sbgames2021\/index.php?rest_route=\/wp\/v2\/pages\/7","targetHints":{"allow":["GET"]}}],"collection":[{"href":"https:\/\/www.sbgames.org\/sbgames2021\/index.php?rest_route=\/wp\/v2\/pages"}],"about":[{"href":"https:\/\/www.sbgames.org\/sbgames2021\/index.php?rest_route=\/wp\/v2\/types\/page"}],"author":[{"embeddable":true,"href":"https:\/\/www.sbgames.org\/sbgames2021\/index.php?rest_route=\/wp\/v2\/users\/1"}],"replies":[{"embeddable":true,"href":"https:\/\/www.sbgames.org\/sbgames2021\/index.php?rest_route=%2Fwp%2Fv2%2Fcomments&post=7"}],"version-history":[{"count":102,"href":"https:\/\/www.sbgames.org\/sbgames2021\/index.php?rest_route=\/wp\/v2\/pages\/7\/revisions"}],"predecessor-version":[{"id":1173,"href":"https:\/\/www.sbgames.org\/sbgames2021\/index.php?rest_route=\/wp\/v2\/pages\/7\/revisions\/1173"}],"wp:attachment":[{"href":"https:\/\/www.sbgames.org\/sbgames2021\/index.php?rest_route=%2Fwp%2Fv2%2Fmedia&parent=7"}],"curies":[{"name":"wp","href":"https:\/\/api.w.org\/{rel}","templated":true}]}}