{"id":870,"date":"2020-08-05T09:12:23","date_gmt":"2020-08-05T12:12:23","guid":{"rendered":"https:\/\/www.sbgames.org\/sbgames2020\/?page_id=870"},"modified":"2020-10-09T17:25:40","modified_gmt":"2020-10-09T20:25:40","slug":"festival-de-artes","status":"publish","type":"page","link":"https:\/\/www.sbgames.org\/sbgames2020\/calls\/festival-de-artes\/","title":{"rendered":"Art Festival"},"content":{"rendered":"<h2>Realized by<\/h2>\n<p>\t\t\t\t\t\t\t\t\t\t\t<a href=\"http:\/\/sbc.org.br\/\"><br \/>\n\t\t\t\t\t\t\t<img loading=\"lazy\" decoding=\"async\" width=\"400\" height=\"500\" src=\"https:\/\/www.sbgames.org\/sbgames2020\/wp-content\/uploads\/2020\/06\/Logo_SBC_low.png\" alt=\"\" srcset=\"https:\/\/i1.wp.com\/www.sbgames.org\/sbgames2020\/wp-content\/uploads\/2020\/06\/Logo_SBC_low.png?w=400&amp;ssl=1 400w, https:\/\/i1.wp.com\/www.sbgames.org\/sbgames2020\/wp-content\/uploads\/2020\/06\/Logo_SBC_low.png?resize=240%2C300&amp;ssl=1 240w\" sizes=\"auto, (max-width: 400px) 100vw, 400px\" \/>\t\t\t\t\t\t\t\t<\/a><\/p>\n<h2>.<\/h2>\n<p>\t\t\t\t\t\t\t\t\t\t\t<a href=\"https:\/\/www.sbgames.org\/sbgames2020\/\"><br \/>\n\t\t\t\t\t\t\t<img loading=\"lazy\" decoding=\"async\" width=\"250\" height=\"108\" src=\"https:\/\/www.sbgames.org\/sbgames2020\/wp-content\/uploads\/2020\/06\/SBGames_marca-250-v3px.png\" alt=\"\" \/>\t\t\t\t\t\t\t\t<\/a><\/p>\n<nav data-toggle-icon=\"fas fa-align-justify fa-solid\" data-close-icon=\"far fa-window-close fa-regular\" data-full-width=\"yes\">\n<ul id=\"menu-1-31481874\">\n<li id=\"menu-item-22\"><a href=\"https:\/\/www.sbgames.org\/sbgames2020\/\" class = \"hfe-menu-item\">Home<\/a><\/li>\n<li id=\"menu-item-1033\"><a href=\"https:\/\/www.sbgames.org\/sbgames2020\/registration\/\" class = \"hfe-menu-item\">Registration<\/a><\/li>\n<li id=\"menu-item-110\"><a href=\"https:\/\/www.sbgames.org\/sbgames2020\/calls\/\" class = \"hfe-menu-item\">Tracks<\/a>\n<ul>\n<li id=\"menu-item-656\"><a href=\"https:\/\/www.sbgames.org\/sbgames2020\/calls\/call-for-arts-and-design-track\/\" class = \"hfe-sub-menu-item\">Call for Arts &#038; Design Track<\/a><\/li>\n<li id=\"menu-item-493\"><a href=\"https:\/\/www.sbgames.org\/sbgames2020\/calls\/call-for-computing\/\" class = \"hfe-sub-menu-item\">Call for Computing Track<\/a><\/li>\n<li id=\"menu-item-745\"><a href=\"https:\/\/www.sbgames.org\/sbgames2020\/calls\/call-for-culture-track\/\" class = \"hfe-sub-menu-item\">Call for Culture Track<\/a><\/li>\n<li id=\"menu-item-584\"><a href=\"https:\/\/www.sbgames.org\/sbgames2020\/calls\/call-for-education-track\/\" class = \"hfe-sub-menu-item\">Call for Education Track<\/a><\/li>\n<li id=\"menu-item-448\"><a href=\"https:\/\/www.sbgames.org\/sbgames2020\/calls\/health\/\" class = \"hfe-sub-menu-item\">Call for Health Track<\/a><\/li>\n<li id=\"menu-item-701\"><a href=\"https:\/\/www.sbgames.org\/sbgames2020\/calls\/call-for-industry-track\/\" class = \"hfe-sub-menu-item\">Call for Industry Track<\/a><\/li>\n<li id=\"menu-item-913\"><a href=\"https:\/\/www.sbgames.org\/sbgames2020\/calls\/call-for-tutorials\/\" class = \"hfe-sub-menu-item\">Call for Tutorials Track<\/a><\/li>\n<\/ul>\n<\/li>\n<li id=\"menu-item-741\"><a href=\"#\" class = \"hfe-menu-item\">Activities<\/a>\n<ul>\n<li id=\"menu-item-709\"><a href=\"https:\/\/www.sbgames.org\/sbgames2020\/calls\/festival-jogos\/\" class = \"hfe-sub-menu-item\">Games Festival<\/a><\/li>\n<li id=\"menu-item-875\"><a href=\"https:\/\/www.sbgames.org\/sbgames2020\/calls\/festival-de-artes\/\" class = \"hfe-sub-menu-item\">Art Festival<\/a><\/li>\n<li id=\"menu-item-641\"><a href=\"https:\/\/www.sbgames.org\/sbgames2020\/calls\/jogos-diversos\/\" class = \"hfe-sub-menu-item\">Call for Games and Diversity<\/a><\/li>\n<li id=\"menu-item-494\"><a href=\"https:\/\/www.sbgames.org\/sbgames2020\/calls\/grandgamesbr\/\" class = \"hfe-sub-menu-item\">Call for GranDGamesBR<\/a><\/li>\n<li id=\"menu-item-205\"><a href=\"https:\/\/www.sbgames.org\/sbgames2020\/calls\/call-for-thesis-and-dissertations-ctd\/\" class = \"hfe-sub-menu-item\">Call for Thesis and Dissertations (CTD)<\/a><\/li>\n<li id=\"menu-item-610\"><a href=\"https:\/\/www.sbgames.org\/sbgames2020\/calls\/g2\/\" class = \"hfe-sub-menu-item\">Call for G2 Workshop<\/a><\/li>\n<li id=\"menu-item-921\"><a href=\"https:\/\/www.sbgames.org\/sbgames2020\/calls\/call-for-tutorials\/\" class = \"hfe-sub-menu-item\">Call for Tutorials<\/a><\/li>\n<li id=\"menu-item-646\"><a href=\"https:\/\/www.sbgames.org\/sbgames2020\/calls\/forum-de-ensino-de-jogos-digitais\/\" class = \"hfe-sub-menu-item\">F\u00f3rum de Ensino de Jogos Digitais<\/a><\/li>\n<\/ul>\n<\/li>\n<li id=\"menu-item-106\"><a href=\"https:\/\/www.sbgames.org\/sbgames2020\/committees\/\" class = \"hfe-menu-item\">Committees<\/a><\/li>\n<li id=\"menu-item-781\"><a href=\"https:\/\/www.sbgames.org\/sbgames2020\/calls\/contact\/\" class = \"hfe-menu-item\">Contact<\/a><\/li>\n<\/ul>\n<\/nav>\n<h1>Festival de Artes<\/h1>\n<p><i>Os <b>trabalhos selecionados <\/b>para o Festival de Artes est\u00e3o divulgados a seguir.&nbsp;<\/i><\/p>\n<p><i>O asterisco * indica que o seu trabalho foi selecionado para <b>concorrer ao pr\u00eamio <\/b>de melhor trabalho na categoria correspondente.<\/i><\/p>\n<p><i>Existe uma previs\u00e3o de que <b>o conceito dos trabalhos ser\u00e1 apresentado<\/b> pelos autores que assim o desejarem, de modo a interagir com a comunidade do evento. Esta atividade n\u00e3o \u00e9 obrigat\u00f3ria, mas para interagir com a comunidade \u00e9 necess\u00e1ria a inscri\u00e7\u00e3o na categoria associada com o seu perfil (estudante de gradua\u00e7\u00e3o, p\u00f3s ou profissional, s\u00f3cio da SBC ou n\u00e3o-s\u00f3cio) indicada em&nbsp;<\/i><a href=\"https:\/\/www.sbgames.org\/sbgames2020\/registration\/\" target=\"_blank\" rel=\"noopener noreferrer\"><i>sbgames.org\/sbgames2020\/registration\/<\/i><\/a><i>. Gostar\u00edamos tamb\u00e9m de refor\u00e7ar que existem orienta\u00e7\u00f5es no FAQ neste mesmo link que podem ser \u00fateis.<\/i><\/p>\n<p>\t\t\t\t\t\t\t\t\t\t<img loading=\"lazy\" decoding=\"async\" width=\"619\" height=\"619\" src=\"https:\/\/www.sbgames.org\/sbgames2020\/wp-content\/uploads\/2020\/10\/sbgames-art-festival-1.png\" alt=\"\" srcset=\"https:\/\/i0.wp.com\/www.sbgames.org\/sbgames2020\/wp-content\/uploads\/2020\/10\/sbgames-art-festival-1.png?w=619&amp;ssl=1 619w, https:\/\/i0.wp.com\/www.sbgames.org\/sbgames2020\/wp-content\/uploads\/2020\/10\/sbgames-art-festival-1.png?resize=300%2C300&amp;ssl=1 300w, https:\/\/i0.wp.com\/www.sbgames.org\/sbgames2020\/wp-content\/uploads\/2020\/10\/sbgames-art-festival-1.png?resize=150%2C150&amp;ssl=1 150w\" sizes=\"auto, (max-width: 619px) 100vw, 619px\" \/>\t\t\t\t\t\t\t\t\t\t\t<\/p>\n<h2>* Artes Finalistas<\/h2>\n<p style=\"text-align: center;\"><strong>BOARD GAME ART<\/strong><\/p>\n<p style=\"text-align: center;\"><b><i>Jornada Exponencial*<br \/><\/i><\/b>Renata da Silva Machado<\/p>\n<p style=\"text-align: center;\"><b><i>O Labir\u00ednto do Necrotauro*<br \/><\/i><\/b>Lucas Lanna de Castro Santos<\/p>\n<p style=\"text-align: center;\">\n<p style=\"text-align: center;\">******<\/p>\n<p style=\"text-align: center;\"><strong>CINEMATIC ART<\/strong><\/p>\n<p style=\"text-align: center;\"><b><i>Cartomante*<br \/><\/i><\/b>Carolina S\u00e1; Pierluigi Piccolo Raso; Gabriel Raposo; Igor Carneiro; Victor Corr\u00eaa<\/p>\n<p style=\"text-align: center;\"><b><i>Kind Heart DEFENDERS*<br \/><\/i><\/b>Renata da Silva Machado<\/p>\n<p style=\"text-align: center;\"><b><i>Pandora*<br \/><\/i><\/b>Arthur Pereira Cassimiro Araujo<\/p>\n<p style=\"text-align: center;\"><b><i>Who Needs a Hero?*<br \/><\/i><\/b>Henrique Faitta Chitolina<\/p>\n<p style=\"text-align: center;\">\n<p style=\"text-align: center;\">******<\/p>\n<p style=\"text-align: center;\"><strong>CONCEPT ART<\/strong><\/p>\n<p style=\"text-align: center;\"><b><i>1984<br \/><\/i><\/b>Leandro Silva a.k.a Le YaoTang<\/p>\n<p style=\"text-align: center;\"><b><i>Anhang\u00e1 &#8211; O guardi\u00e3o da mata*<br \/><\/i><\/b>Mikaela Fernanda Casagrande, Igor Junker<\/p>\n<p style=\"text-align: center;\"><b><i>Corr\u00eaa<br \/>Arena de Batalha<\/i><\/b><br \/>Marcelo Monteiro Alves<\/p>\n<p style=\"text-align: center;\"><b><i>ATAIRU*<br \/><\/i><\/b>\u00c9ric C\u00e4sar, Maryana Sant<\/p>\n<p style=\"text-align: center;\"><b><i>Battle \/ Hunting Unit 3001<br \/><\/i><\/b>Diego Malta de Campos<\/p>\n<p style=\"text-align: center;\"><b><i>BOLANLE<br \/><\/i><\/b>\u00c9ric C\u00e4sar<\/p>\n<p style=\"text-align: center;\"><b><i>Boss Concept<br \/><\/i><\/b>Arthur Pereira Cassimiro Araujo<\/p>\n<p style=\"text-align: center;\"><b><i>BRIGAdeiros<br \/><\/i><\/b>Lucas Costa Rocha<\/p>\n<p style=\"text-align: center;\"><b><i>Caipora &#8211; A curandeira<br \/><\/i><\/b>Mikaela Fernanda Casagrande<\/p>\n<p style=\"text-align: center;\"><b><i>Capelobo<br \/><\/i><\/b>Ana Carolina Cardoso<\/p>\n<p style=\"text-align: center;\"><b><i>Concept Art -Serkhet*<br \/><\/i><\/b>Ana Clara Silva Britto<\/p>\n<p style=\"text-align: center;\"><b><i>Concept Bandits RoadOut<br \/><\/i><\/b>Gabriel Luis R\u00e9gis Silva<\/p>\n<p style=\"text-align: center;\"><b><i>Concept Kind Heart DEFENDERS<br \/><\/i><\/b>Renata da Silva Machado<\/p>\n<p style=\"text-align: center;\"><b><i>Curupira &#8211; O Rei da Mata*<br \/><\/i><\/b>Mikaela Fernanda Casagrande, Igor Junker Corr\u00eaa<\/p>\n<p style=\"text-align: center;\"><b><i>Deruflama<br \/><\/i><\/b>Rafael Gomes Pinheiro<\/p>\n<p style=\"text-align: center;\"><b><i>Heru Character Concept Arts*<br \/><\/i><\/b>Pedro Henrique Costa Braz<\/p>\n<p style=\"text-align: center;\"><b><i>Interface do Jogo Pandora<br \/><\/i><\/b>Gabriel Milani Gon\u00e7alves de Avelar<\/p>\n<p style=\"text-align: center;\"><b><i>Isabel Bathory<br \/><\/i><\/b>Diego Malta de Campos<\/p>\n<p style=\"text-align: center;\"><b><i>Lilith<br \/><\/i><\/b>Diego Malta de Campos<\/p>\n<p style=\"text-align: center;\"><b><i>Meshigal &#8211; Coursing Through The World*<br \/><\/i><\/b>\u00c9ric C\u00e4sar, Felipe Barros<\/p>\n<p style=\"text-align: center;\"><b><i>Never Alone<br \/><\/i><\/b>Clara Tanzarella Bacchin<\/p>\n<p style=\"text-align: center;\"><b><i>NIARA<br \/><\/i><\/b>\u00c9ric da Silva C\u00e4sar<\/p>\n<p style=\"text-align: center;\"><b><i>O Horizonte<br \/><\/i><\/b>Gabriel Luis<\/p>\n<p style=\"text-align: center;\"><b><i>Player&#8217;s Room*<br \/><\/i><\/b>Caio Lucas Farias de Lima<\/p>\n<p style=\"text-align: center;\"><b><i>Road out: Ambienta\u00e7\u00e3o p\u00f4steres e grafites<br \/><\/i><\/b>Graco Menezes de Paula<\/p>\n<p style=\"text-align: center;\"><b><i>Sanguanel<br \/><\/i><\/b>Mikaela Fernanda Casagrande<\/p>\n<p style=\"text-align: center;\"><b><i>Teiniagu\u00e1 &#8211; A cartomante<br \/><\/i><\/b>Mikaela Fernanda Casagrande<\/p>\n<p style=\"text-align: center;\">******<\/p>\n<p style=\"text-align: center;\"><strong>FANART<\/strong><\/p>\n<p style=\"text-align: center;\"><b><i>Chico Guy*<br \/><\/i><\/b>Jorge Maranh\u00e3o<\/p>\n<p style=\"text-align: center;\"><b><i>Pok\u00e9mon RPG<\/i><\/b><br \/>Ewerton Leandro Martins do Nascimento<\/p>\n<p style=\"text-align: center;\"><b><i>Xena &#8211; Odyssey*<\/i><\/b><br \/>Leo Amaral<\/p>\n<p style=\"text-align: center;\">\n<p style=\"text-align: center;\">******<\/p>\n<p style=\"text-align: center;\"><strong>SCREENSHOT<\/strong><\/p>\n<p style=\"text-align: center;\"><b><i>1984*<\/i><\/b><br \/>Leandro Silva a.k.a Le YaoTang<\/p>\n<p style=\"text-align: center;\"><b><i>BRIGAdeiros*<\/i><\/b><br \/>Lucas Costa Rocha<\/p>\n<p style=\"text-align: center;\"><b><i>Kind Heart DEFENDERS<\/i><\/b><br \/>Renata da Silva Machado; Bruna Dalzini de Oliveira<\/p>\n<p style=\"text-align: center;\"><b><i>Lunar Axe*<\/i><\/b><br \/>Kassio Sousa<\/p>\n<p style=\"text-align: center;\"><b><i>Never Alone<\/i><\/b><br \/>Clara Tanzarella Bacchin<\/p>\n<p style=\"text-align: center;\"><b><i>Who Needs a Hero?*<\/i><\/b><br \/>Henrique Faitta Chitolina<\/p>\n<p style=\"text-align: center;\">\n<p style=\"text-align: center;\">******<\/p>\n<p style=\"text-align: center;\"><strong>SOUNDESIGN<\/strong><\/p>\n<p style=\"text-align: center;\"><i><b>Ocean &#8211; Animalia*<br \/>The Beginning &#8211; Animalia<br \/>Farmbreak- Music Extended<br \/>The beginning &#8211; Yablue &amp; Nakared<br \/>Feeling the mysteries &#8211; Yablue &amp; Nakared*<\/b><\/i><br \/>Isabele Carvalho Silva<\/p>\n<p style=\"text-align: center;\"><b><i>Rythenia &#8211; Trilha Sonora Original*<\/i><\/b><br \/>Felipe Holanda Bezerra<\/p>\n<p style=\"text-align: center;\"><i><b>RoadTrip*<br \/>RoadLab<br \/>RoadTrack<br \/>RoadBunker<\/b><\/i><br \/>Pedro Gustavo de Sousa Rocha<\/p>\n<p style=\"text-align: center;\"><b><i>Superdev Gameplay*<\/i><\/b><br \/>Danilo Silva Aguiar<\/p>\n<p style=\"text-align: center;\">\n<h2>Chamada para<br \/>Submiss\u00f5es<\/h2>\n<p>\t\t\t<a href=\"https:\/\/forms.gle\/rpX642bbEBQimt5z9\" role=\"button\"><br \/>\n\t\t\t\t\t\tFicha de Inscri\u00e7\u00e3o<br \/>\n\t\t\t\t\t<\/a><\/p>\n<h3>Datas Importantes<\/h3>\n<p><del> Per\u00edodo de inscri\u00e7\u00f5es<br \/><b>3 de Agosto a 23 de Agosto de 2020<\/b> <\/del><\/p>\n<p>Per\u00edodo de inscri\u00e7\u00f5es<br \/><b>3 de Agosto a 13 de Setembro de 2020<\/b><\/p>\n<p>Notifica\u00e7\u00e3o de aceite<br \/><b>4 de Outubro de 2020<\/b><\/p>\n<p>Divulga\u00e7\u00e3o dos vencedores<br \/><b>Plenaria do SBGames<\/b><\/p>\n<p>Per\u00edodo de Exibi\u00e7\u00e3o<b><br \/>Durante o evento,<br \/>em momentos de divulga\u00e7\u00e3o<br \/>pr\u00e9vios ou posteriores.<\/b><\/p>\n<p>\t\t\t\t\t\t\t\t\t\t<img loading=\"lazy\" decoding=\"async\" width=\"1024\" height=\"260\" src=\"https:\/\/www.sbgames.org\/sbgames2020\/wp-content\/uploads\/2020\/08\/Ativo-2@300x-100-1-1024x260.jpg\" alt=\"\" srcset=\"https:\/\/i0.wp.com\/www.sbgames.org\/sbgames2020\/wp-content\/uploads\/2020\/08\/Ativo-2@300x-100-1.jpg?resize=1024%2C260&amp;ssl=1 1024w, https:\/\/i0.wp.com\/www.sbgames.org\/sbgames2020\/wp-content\/uploads\/2020\/08\/Ativo-2@300x-100-1.jpg?resize=300%2C76&amp;ssl=1 300w, https:\/\/i0.wp.com\/www.sbgames.org\/sbgames2020\/wp-content\/uploads\/2020\/08\/Ativo-2@300x-100-1.jpg?resize=768%2C195&amp;ssl=1 768w, https:\/\/i0.wp.com\/www.sbgames.org\/sbgames2020\/wp-content\/uploads\/2020\/08\/Ativo-2@300x-100-1.jpg?w=1450&amp;ssl=1 1450w\" sizes=\"auto, (max-width: 1024px) 100vw, 1024px\" \/>\t\t\t\t\t\t\t\t\t\t\t<\/p>\n<h3>Participa\u00e7\u00e3o<\/h3>\n<p>A participa\u00e7\u00e3o no Festival \u00e9 aberta para empresas e autores individuais, desde que sejam brasileiros ou residentes no pa\u00eds.<\/p>\n<ul>\n<li>As inscri\u00e7\u00f5es devem ser feitas \u00fanica e exclusivamente de forma online.<\/li>\n<li>As obras (imagens, \u00e1udios e v\u00eddeos) devem ser anexadas no formul\u00e1rio de inscri\u00e7\u00e3o.<\/li>\n<li>As imagens devem estar em formato jpg ou png, tamanho m\u00ednimo de 100 ppi e m\u00e1ximo de 300 ppi, m\u00ednimo de 1MB e m\u00e1ximo de 9Mb.<\/li>\n<li>Os v\u00eddeos devem estar no formato mp4, com o tamanho m\u00e1ximo de 60Mb.<\/li>\n<li>Os \u00e1udios devem estar em formato mp3, com o tamanho m\u00e1ximo de 10Mb.<\/li>\n<\/ul>\n<p>Cada candidato poder\u00e1 participar com, no m\u00e1ximo, 05 (cinco) obras distintas. N\u00e3o h\u00e1 restri\u00e7\u00e3o \u00e0 t\u00e9cnica utilizada, podendo as imagens ou os v\u00eddeos serem coloridos ou em preto e branco. \u00c9 permitido compor uma prancha com diversos elementos de arte conceitual do mesmo jogo. \u00c9 permitido participar em mais de uma categoria, desde que as obras sejam distintas em cada categoria.<\/p>\n<p>As obras dever\u00e3o estar acompanhadas de uma breve descri\u00e7\u00e3o do jogo e do seu contexto, a ser preenchido na ficha de inscri\u00e7\u00e3o do formul\u00e1rio (<a href=\"https:\/\/forms.gle\/rpX642bbEBQimt5z9\"> clique aqui<\/a> ).\u00a0<\/p>\n<p>Os candidatos inscritos s\u00e3o respons\u00e1veis pelo teor e conte\u00fado das obras, incluindo autoriza\u00e7\u00e3o de publica\u00e7\u00e3o dos seus autores, a qual dever\u00e1 ser preenchida no formul\u00e1rio de submiss\u00e3o. Para efetivar a inscri\u00e7\u00e3o o candidato dever\u00e1 preencher totalmente a ficha de inscri\u00e7\u00e3o ( <a href=\"https:\/\/forms.gle\/rpX642bbEBQimt5z9\">clique aqui<\/a> ), anexar as obras e aceitar os termos de concess\u00e3o de uso.<\/p>\n<p>Pela inscri\u00e7\u00e3o, os participantes concedem ao SBGames o direito ao uso das obras enviadas e autorizam o uso das mesmas em todo e qualquer material, documentos e meios de comunica\u00e7\u00e3o, para serem usadas em campanhas promocionais e institucionais do SBGames no Brasil e no mundo, durante os meses de outubro a dezembro de 2020 assim como nas campanhas promocionais do ano de 2021, durante os meses de Junho a Dezembro de 2021.<\/p>\n<p>As obras poder\u00e3o passar por edi\u00e7\u00e3o simples, fracionamento ou altera\u00e7\u00e3o da resolu\u00e7\u00e3o, de acordo com a avalia\u00e7\u00e3o t\u00e9cnica do SBGames, sem que haja preju\u00edzo \u00e0 ess\u00eancia da imagem e ao conjunto da obra.<\/p>\n<p>As inscri\u00e7\u00f5es s\u00e3o gratuitas, n\u00e3o sendo obrigat\u00f3ria a participa\u00e7\u00e3o do(s) autor(es) no evento para efetiva\u00e7\u00e3o da participa\u00e7\u00e3o de suas obras no SBGames. No entanto, caso as obras do(s) autor(es) sejam premiadas no evento, \u00e9 interessante que seus representantes estejam online no momento das premia\u00e7\u00f5es do evento (cerim\u00f4nia de entrega dos certificados).\u00a0<\/p>\n<p>Ao se inscreverem no concurso, todos os candidatos entendem e aceitam automaticamente todas as cl\u00e1usulas e condi\u00e7\u00f5es estabelecidas no presente regulamento.<\/p>\n<h3>Categorias<\/h3>\n<p>As obras dever\u00e3o enfocar as seguintes categorias orientadoras do concurso:<\/p>\n<p><b>Concept Art<\/b><\/p>\n<p>Imagens de concep\u00e7\u00e3o art\u00edstica de jogos digitais. Personagens, cen\u00e1rios, itens, interfaces, modelos 3D, entre outras artes que fa\u00e7am parte do referido jogo digital. O formato das imagens deve ser em jpg ou png.<\/p>\n<p><b>InGame Screenshot<\/b><\/p>\n<p>Screenshots (capturas de tela) do gameplay do jogo digital, demonstrando elementos art\u00edsticos em seu uso final na tela do jogo. Composi\u00e7\u00e3o final do jogo com o uso de diversos elementos art\u00edsticos (como HUD, pointers, di\u00e1logos, minimapa, menu) de forma simult\u00e2nea e integrada ao gameplay. O formato das imagens deve ser em jpg ou png.<\/p>\n<p><b>BoardGame Art<\/b><\/p>\n<p>Imagens de concep\u00e7\u00e3o art\u00edstica exclusiva para jogos de tabuleiro, digitalizadas em jpg ou png. S\u00e3o considerados nessa categoria a arte da caixa, encartes, personagens, tabuleiro e demais itens que comp\u00f5em o jogo.<\/p>\n<p>Experimenta\u00e7\u00f5es Art\u00edsticas e FanArt em Games<\/p>\n<p>Experi\u00eancias art\u00edsticas que envolvam Jogos Digitais, desde que estejam finalizadas em jpg ou png; FanArts s\u00e3o cria\u00e7\u00f5es que fa\u00e7am refer\u00eancia ou homenagem a jogos reconhecidos.<\/p>\n<p><b>InGame Video<\/b><\/p>\n<p>V\u00eddeos do Gameplay, Trailers ou Cinematics do jogo digital, demonstrando elementos art\u00edsticos em seu uso final no jogo. Composi\u00e7\u00e3o final do jogo com o uso de diversos elementos art\u00edsticos (como HUD, pointers, di\u00e1logos, minimapa, menu) de forma simult\u00e2nea e integrada ao gameplay. O formato dos v\u00eddeos deve ser em mpeg4.<\/p>\n<p><b>Soundtrack<\/b><\/p>\n<p>Trilha sonora, \u00e1udio incidental e vozes\/dublagens compostas especificamente para o jogo. O formato dos \u00e1udios devem ser em mp3, com descri\u00e7\u00e3o precisa de onde eles s\u00e3o aplicados.<\/p>\n<h3>Sele\u00e7\u00e3o<\/h3>\n<p>A sele\u00e7\u00e3o das obras de cada categoria ser\u00e1 realizada por uma Comiss\u00e3o Julgadora composta por Game Designers profissionais, professores de Jogos Digitais, parceiros e equipe do SBGames. A Coordena\u00e7\u00e3o do Festival de Artes ter\u00e1 autonomia na realiza\u00e7\u00e3o da sele\u00e7\u00e3o e seguir\u00e1 crit\u00e9rios de linguagem, originalidade, criatividade, coer\u00eancia e adequa\u00e7\u00e3o da obra ao Game Design sugerido.<\/p>\n<p>As decis\u00f5es da Comiss\u00e3o Julgadora n\u00e3o ser\u00e3o suscet\u00edveis de recursos ou impugna\u00e7\u00f5es em qualquer etapa do processo.<\/p>\n<p>Ser\u00e3o selecionados pela Comiss\u00e3o Avaliadora cinco trabalhos em cada categoria como finalistas do Festival de Artes do SBGames. Nos casos de n\u00famero de trabalhos classificados em uma categoria ser inferior a cinco, os trabalhos receber\u00e3o men\u00e7\u00e3o honrosa nessa categoria.<\/p>\n<p>As obras ser\u00e3o exibidas\/disponibilizadas digitalmente em plataforma a ser definida pela organiza\u00e7\u00e3o do SBGames.\u00a0<\/p>\n<h3>Premia\u00e7\u00e3o<\/h3>\n<p>Cada autor (ou autores) do primeiro colocado de cada categoria ir\u00e1 receber um certificado baseado na avalia\u00e7\u00e3o de um j\u00fari t\u00e9cnico. Se nenhum dos autores estiver online na cerim\u00f4nia de entrega dos certificados, esses dever\u00e3o entrar em contato posteriormente com a coordena\u00e7\u00e3o do SBGames, de modo a verificar a possibilidade de acesso ao certificado emitido. Outros pr\u00eamios ir\u00e3o depender dos patroc\u00ednios ou apoiadores do evento. A organiza\u00e7\u00e3o do evento n\u00e3o se compromete com nenhum pr\u00eamio espec\u00edfico ou qualquer bonifica\u00e7\u00e3o, nem com a entrega de certificados posterior ao evento. Somente a organiza\u00e7\u00e3o do evento ir\u00e1 emitir os certificados.<\/p>\n<h3>Contato e D\u00favidas<\/h3>\n<p>Assuntos relacionados ao Festival de Jogos:<br \/>\n<br \/>mostradeartes <b>at <\/b>sbgames <b>dot <\/b>org<\/p>\n<h3>Chairs do Festival de Artes<\/h3>\n<p>Prof. Marcelo La Carretta  (PUC Minas)<br \/>Profa. Rosilane Mota (UFMG \/ PUC Minas)<\/p>\n<p>\t\t\t<a href=\"https:\/\/forms.gle\/rpX642bbEBQimt5z9\" role=\"button\"><br \/>\n\t\t\t\t\t\tSubmeter  Arte<br \/>\n\t\t\t\t\t<\/a><br \/>\n\t\t\t\t\t\t\t<a href=\"https:\/\/www.facebook.com\/SBGames\" target=\"_blank\" rel=\"noopener noreferrer\"><br \/>\n\t\t\t\t\tFacebook<br \/>\n\t\t\t\t\t\t\t\t\t<\/a><br \/>\n\t\t\t\t\t\t\t<a href=\"https:\/\/twitter.com\/sb_games?lang=en\" target=\"_blank\" rel=\"noopener noreferrer\"><br \/>\n\t\t\t\t\tTwitter<br \/>\n\t\t\t\t\t\t\t\t\t<\/a><br \/>\n\t\t\t\t\t\t\t<a href=\"https:\/\/www.youtube.com\/channel\/UCVUy5UYNDE3a6BChaPRRjTw\" target=\"_blank\" rel=\"noopener noreferrer\"><br \/>\n\t\t\t\t\tYoutube<br \/>\n\t\t\t\t\t\t\t\t\t<\/a><br \/>\n\t\t\t\t\t\t\t<a href=\"https:\/\/www.instagram.com\/sbgames_oficial\/\" target=\"_blank\" rel=\"noopener noreferrer\"><br \/>\n\t\t\t\t\tInstagram<br \/>\n\t\t\t\t\t\t\t\t\t<\/a><\/p>\n<p>@SBGames 2020<\/p>\n","protected":false},"excerpt":{"rendered":"<p>Realized by . Home Registration Tracks Call for Arts &#038; Design Track Call for Computing Track Call for Culture Track Call for Education Track Call for Health Track Call for Industry Track Call for Tutorials Track Activities Games Festival Art Festival Call for Games and Diversity Call for GranDGamesBR Call for Thesis and Dissertations (CTD) [&hellip;]<\/p>\n","protected":false},"author":1,"featured_media":0,"parent":108,"menu_order":0,"comment_status":"closed","ping_status":"closed","template":"elementor_canvas","meta":{"footnotes":""},"class_list":["post-870","page","type-page","status-publish","hentry"],"_links":{"self":[{"href":"https:\/\/www.sbgames.org\/sbgames2020\/wp-json\/wp\/v2\/pages\/870","targetHints":{"allow":["GET"]}}],"collection":[{"href":"https:\/\/www.sbgames.org\/sbgames2020\/wp-json\/wp\/v2\/pages"}],"about":[{"href":"https:\/\/www.sbgames.org\/sbgames2020\/wp-json\/wp\/v2\/types\/page"}],"author":[{"embeddable":true,"href":"https:\/\/www.sbgames.org\/sbgames2020\/wp-json\/wp\/v2\/users\/1"}],"replies":[{"embeddable":true,"href":"https:\/\/www.sbgames.org\/sbgames2020\/wp-json\/wp\/v2\/comments?post=870"}],"version-history":[{"count":23,"href":"https:\/\/www.sbgames.org\/sbgames2020\/wp-json\/wp\/v2\/pages\/870\/revisions"}],"predecessor-version":[{"id":1176,"href":"https:\/\/www.sbgames.org\/sbgames2020\/wp-json\/wp\/v2\/pages\/870\/revisions\/1176"}],"up":[{"embeddable":true,"href":"https:\/\/www.sbgames.org\/sbgames2020\/wp-json\/wp\/v2\/pages\/108"}],"wp:attachment":[{"href":"https:\/\/www.sbgames.org\/sbgames2020\/wp-json\/wp\/v2\/media?parent=870"}],"curies":[{"name":"wp","href":"https:\/\/api.w.org\/{rel}","templated":true}]}}