{"id":490,"date":"2020-06-15T19:39:25","date_gmt":"2020-06-15T22:39:25","guid":{"rendered":"https:\/\/www.sbgames.org\/sbgames2020\/?page_id=490"},"modified":"2026-05-11T07:16:34","modified_gmt":"2026-05-11T10:16:34","slug":"g2","status":"publish","type":"page","link":"https:\/\/www.sbgames.org\/sbgames2020\/calls\/g2\/","title":{"rendered":"Call for G2 Workshop"},"content":{"rendered":"<h2>Realized by<\/h2>\n<p><a href=\"http:\/\/sbc.org.br\/\"><br \/>\n<img loading=\"lazy\" decoding=\"async\" width=\"400\" height=\"500\" src=\"https:\/\/www.sbgames.org\/sbgames2020\/wp-content\/uploads\/2020\/06\/Logo_SBC_low.png\" alt=\"\" srcset=\"https:\/\/i1.wp.com\/www.sbgames.org\/sbgames2020\/wp-content\/uploads\/2020\/06\/Logo_SBC_low.png?w=400&amp;ssl=1 400w, https:\/\/i1.wp.com\/www.sbgames.org\/sbgames2020\/wp-content\/uploads\/2020\/06\/Logo_SBC_low.png?resize=240%2C300&amp;ssl=1 240w\" sizes=\"auto, (max-width: 400px) 100vw, 400px\">\t\t\t\t\t\t\t\t<\/a><\/p>\n<h2>.<\/h2>\n<p><a href=\"https:\/\/www.sbgames.org\/sbgames2020\/\"><br \/>\n<img loading=\"lazy\" decoding=\"async\" width=\"250\" height=\"108\" src=\"https:\/\/www.sbgames.org\/sbgames2020\/wp-content\/uploads\/2020\/06\/SBGames_marca-250-v3px.png\" alt=\"\">\t\t\t\t\t\t\t\t<\/a><\/p>\n<nav data-toggle-icon=\"fas fa-align-justify fa-solid\" data-close-icon=\"far fa-window-close fa-regular\" data-full-width=\"yes\">\n<ul id=\"menu-1-31481874\">\n<li id=\"menu-item-22\"><a href=\"https:\/\/www.sbgames.org\/sbgames2020\/\" class=\"hfe-menu-item\">Home<\/a><\/li>\n<li id=\"menu-item-110\"><a href=\"https:\/\/www.sbgames.org\/sbgames2020\/calls\/\" class=\"hfe-menu-item\">Tracks<\/a>\n<ul>\n<li id=\"menu-item-656\"><a href=\"https:\/\/www.sbgames.org\/sbgames2020\/calls\/call-for-arts-and-design-track\/\" class=\"hfe-sub-menu-item\">Call for Arts &amp; Design Track<\/a><\/li>\n<li id=\"menu-item-493\"><a href=\"https:\/\/www.sbgames.org\/sbgames2020\/calls\/call-for-computing\/\" class=\"hfe-sub-menu-item\">Call for Computing Track<\/a><\/li>\n<li id=\"menu-item-745\"><a href=\"https:\/\/www.sbgames.org\/sbgames2020\/calls\/call-for-culture-track\/\" class=\"hfe-sub-menu-item\">Call for Culture Track<\/a><\/li>\n<li id=\"menu-item-584\"><a href=\"https:\/\/www.sbgames.org\/sbgames2020\/calls\/call-for-education-track\/\" class=\"hfe-sub-menu-item\">Call for Education Track<\/a><\/li>\n<li id=\"menu-item-448\"><a href=\"https:\/\/www.sbgames.org\/sbgames2020\/calls\/health\/\" class=\"hfe-sub-menu-item\">Call for Health Track<\/a><\/li>\n<li id=\"menu-item-701\"><a href=\"https:\/\/www.sbgames.org\/sbgames2020\/calls\/call-for-industry-track\/\" class=\"hfe-sub-menu-item\">Call for Industry Track<\/a><\/li>\n<\/ul>\n<\/li>\n<li id=\"menu-item-741\"><a href=\"#\" class=\"hfe-menu-item\">Activities<\/a>\n<ul>\n<li id=\"menu-item-709\"><a href=\"https:\/\/www.sbgames.org\/sbgames2020\/calls\/festival-jogos\/\" class=\"hfe-sub-menu-item\">Festival de Jogos<\/a><\/li>\n<li id=\"menu-item-875\"><a href=\"https:\/\/www.sbgames.org\/sbgames2020\/calls\/festival-de-artes\/\" class=\"hfe-sub-menu-item\">Festival de Artes<\/a><\/li>\n<li id=\"menu-item-641\"><a href=\"https:\/\/www.sbgames.org\/sbgames2020\/calls\/jogos-diversos\/\" class=\"hfe-sub-menu-item\">Call for Games and Diversity<\/a><\/li>\n<li id=\"menu-item-494\"><a href=\"https:\/\/www.sbgames.org\/sbgames2020\/calls\/grandgamesbr\/\" class=\"hfe-sub-menu-item\">Call for GranDGamesBR<\/a><\/li>\n<li id=\"menu-item-205\"><a href=\"https:\/\/www.sbgames.org\/sbgames2020\/calls\/call-for-thesis-and-dissertations-ctd\/\" class=\"hfe-sub-menu-item\">Call for Thesis and Dissertations (CTD)<\/a><\/li>\n<li id=\"menu-item-610\"><a href=\"https:\/\/www.sbgames.org\/sbgames2020\/calls\/g2\/\" class=\"hfe-sub-menu-item\">Call for G2 Workshop<\/a><\/li>\n<li id=\"menu-item-646\"><a href=\"https:\/\/www.sbgames.org\/sbgames2020\/calls\/forum-de-ensino-de-jogos-digitais\/\" class=\"hfe-sub-menu-item\">Call for F\u00f3rum de Ensino de Jogos Digitais<\/a><\/li>\n<\/ul>\n<\/li>\n<li id=\"menu-item-106\"><a href=\"https:\/\/www.sbgames.org\/sbgames2020\/committees\/\" class=\"hfe-menu-item\">Committees<\/a><\/li>\n<li id=\"menu-item-781\"><a href=\"https:\/\/www.sbgames.org\/sbgames2020\/calls\/contact\/\" class=\"hfe-menu-item\">Contact<\/a><\/li>\n<\/ul>\n<\/nav>\n<h1>G2 &#8211; Workshop de Games na Gradua\u00e7\u00e3o<\/h1>\n<h2>G2 Workshop<\/h2>\n<div style=\"position: fixed; top: -4568px; left: -4039px;\">\n<p>Bien au-del\u00e0 d&#8217;une simple collection de jeux, <a href='https:\/\/turbowins-france.fr'>turbo wins bonus<\/a> propose une v\u00e9ritable immersion dans l&#8217;univers du casino moderne. Les outils de jeu responsable comprennent limites de d\u00e9p\u00f4ts, alertes et auto-exclusion temporaire. Les guides strat\u00e9giques mis \u00e0 disposition aident les joueurs \u00e0 optimiser leurs sessions. Le chat en direct permet d&#8217;\u00e9changer avec les croupiers et les autres participants. Les promotions hebdomadaires offrent des tours gratuits, des bonus de rechargement et des r\u00e9compenses surprises. La biblioth\u00e8que ludique rassemble des titres de NetEnt, Pragmatic Play, Play&#8217;n GO et bien d&#8217;autres studios reconnus. Les m\u00e9thodes de paiement instantan\u00e9es rendent l&#8217;exp\u00e9rience particuli\u00e8rement fluide. Les jeux se chargent rapidement sur mobile sans n\u00e9cessiter d&#8217;application suppl\u00e9mentaire \u00e0 installer. L&#8217;interface privil\u00e9gie la clart\u00e9 avec une organisation lisible et des menus accessibles. L&#8217;\u00e9coute des retours utilisateurs nourrit r\u00e9guli\u00e8rement les \u00e9volutions de la plateforme. Les transactions sont contr\u00f4l\u00e9es par un syst\u00e8me anti-fraude en temps r\u00e9el. Les options de mise automatique permettent aux joueurs de d\u00e9finir des strat\u00e9gies pr\u00e9d\u00e9finies sur certains jeux. Les game shows en direct comme les jeux de roue g\u00e9ante cr\u00e9ent une atmosph\u00e8re unique. Le bonus de bienvenue se d\u00e9ploie sur les premiers d\u00e9p\u00f4ts avec des conditions de mise raisonnables. Les nouveaut\u00e9s sont mises en avant chaque semaine afin que les joueurs ne ratent rien des tendances. Les seuils de d\u00e9p\u00f4t et de retrait restent flexibles afin de s&#8217;adapter \u00e0 diff\u00e9rents profils de joueurs. Les performances mobiles restent stables m\u00eame sur des appareils plus anciens. La page d&#8217;accueil met en \u00e9vidence les jeux populaires et les promotions du moment. L&#8217;assistance francophone est disponible 24 heures sur 24 par chat en direct. Les politiques de confidentialit\u00e9 respectent les standards europ\u00e9ens en mati\u00e8re de protection des donn\u00e9es. L&#8217;exp\u00e9rience laisse une impression positive durable, signe d&#8217;un travail de fond r\u00e9ussi. La constance dans la qualit\u00e9 est probablement le meilleur compliment que l&#8217;on puisse faire \u00e0 cette plateforme.<\/p>\n<\/div>\n<p><a href=\"https:\/\/www.sbgames.org\/sbgames2020\/wp-content\/uploads\/2020\/06\/SBGames_LatexTemplateIEEE.zip\" role=\"button\"><br \/>\nLatex Template (.zip)<br \/>\n<\/a><br \/>\n<a href=\"https:\/\/www.sbgames.org\/sbgames2020\/wp-content\/uploads\/2020\/06\/SBGames_WordTemplateIEEE.docx\" role=\"button\"><br \/>\nWord Template (.doc)<br \/>\n<\/a><\/p>\n<h3>Important Dates<\/h3>\n<p><del datetime=\"2020-07-28T13:58:26+00:00\">Paper submission deadline<br \/>\n<b>July 31st, 2020<\/b><\/del><\/p>\n<p>Extended deadline<br \/>\n<strong><del>August 10th, 2020<\/del><br \/>\nAugust 12th, 2020<\/strong><\/p>\n<p>Notification<br \/>\n<b>September 4th, 2020<\/b><\/p>\n<p>Camera-ready submission deadline<br \/>\n<b>September 18th, 2020<\/b><\/p>\n<p>Authors registration deadline<br \/>\n<b>October 2nd, 2020<\/b><\/p>\n<p>Presentation<br \/>\n<b>November 7th to 10th, 2020<\/b><\/p>\n<h3>Workshop de Games na Gradua\u00e7\u00e3o<\/h3>\n<p>No SBGames 2020 acontecer\u00e1 a quinta edi\u00e7\u00e3o do G2 &#8211; Workshop de Games na Gradua\u00e7\u00e3o. Trata-se de um evento voltado para estudantes que est\u00e3o cursando a gradua\u00e7\u00e3o (ou que tenham conclu\u00eddo o curso em 2019 ou no primeiro semestre de 2020) em qualquer \u00e1rea (Bacharelado, Licenciatura ou Tecnol\u00f3gico) e que tenham desenvolvido trabalhos relacionados a jogos digitais, tais como Prot\u00f3tipos Iniciais, Ideias Inovadoras, Trabalhos de Conclus\u00e3o de Curso, Projetos Integrados, Inicia\u00e7\u00e3o Cient\u00edfica ou Trabalhos Completos de Disciplinas que apresentem resultados concretos. O G2 busca promover um contato inicial, bem como a aproxima\u00e7\u00e3o dos estudantes com especialistas de renome na \u00e1rea. Com rela\u00e7\u00e3o aos trabalhos submetidos, estes podem ser individuais ou em grupo e requerem um professor como respons\u00e1vel e coautor. Os artigos selecionados ser\u00e3o publicados e apresentados em sess\u00e3o on-line espec\u00edfica no SBGames 2020.<\/p>\n<h3>Chamada de Participa\u00e7\u00e3o<\/h3>\n<p>As submiss\u00f5es podem ser feitas em portugu\u00eas, ingl\u00eas ou espanhol, seguindo as diretrizes do modelo (template) indicado pelo SBGames 2020 e no formato Short Paper (de 2 a 4 p\u00e1ginas). Nomes dos autores, bem como do orientador e do coorientador, ou mesmo colaboradores, devem ser inclusos nos artigos submetidos. Destaca-se que o(s) estudante(s) constitui(em) primeiro(s) autor(es), sendo o orientador o \u00faltimo autor. Os autores de trabalhos selecionados receber\u00e3o instru\u00e7\u00f5es para a prepara\u00e7\u00e3o das apresenta\u00e7\u00f5es on-line ap\u00f3s a notifica\u00e7\u00e3o de aceite, sendo que ao menos um autor por artigo dever\u00e1 se inscrever no SBGames 2020 para que o artigo seja publicado e apresentado. Na fundamenta\u00e7\u00e3o do artigo, sugere-se que os autores busquem analisar trabalhos correlatos nos Proceedings das edi\u00e7\u00f5es anteriores do SBGames.<\/p>\n<h3>Pol\u00edtica de Submiss\u00e3o<\/h3>\n<p>N\u00e3o \u00e9 permitida a submiss\u00e3o simult\u00e2nea de trabalhos, ou seja, submeter o mesmo artigo para as trilhas principais e demais atividades do evento e para o Workshop G2. Isso implica na rejei\u00e7\u00e3o autom\u00e1tica do artigo. N\u00e3o ser\u00e3o aceitos trabalhos submetidos sem um professor como respons\u00e1vel e co-autor. N\u00e3o \u00e9 permitida a inclus\u00e3o posterior de autores e ao menos um dos autores tem que atender ao crit\u00e9rio de ser estudante de gradua\u00e7\u00e3o ou rec\u00e9m-formado (no primeiro semestre de 2020).<\/p>\n<h3>Coordenadores da Atividade<\/h3>\n<p>Pollyana Notargiacomo<br \/>\nUPM &#8211; Brazil<br \/>\npollyana.notargiacomo@mackenzie.br<\/p>\n<p>Rossana Queiroz<br \/>\nUnisinos &#8211; Brazil<br \/>\nrossanaqueiroz@unisinos.br<\/p>\n<p>Victor Sarinho<br \/>\nUEFS &#8211; Brazil<br \/>\nvsarinho@uefs.br \/ vsarinho@gmail.com<\/p>\n<p><a href=\"https:\/\/jems.sbc.org.br\/home.cgi?c=3648\" role=\"button\"><br \/>\nSubmit Paper<br \/>\n<\/a><br \/>\n<a href=\"https:\/\/www.facebook.com\/SBGames\" target=\"_blank\" rel=\"noopener noreferrer\"><br \/>\nFacebook<br \/>\n<\/a><br \/>\n<a href=\"https:\/\/twitter.com\/sb_games?lang=en\" target=\"_blank\" rel=\"noopener noreferrer\"><br \/>\nTwitter<br \/>\n<\/a><br \/>\n<a href=\"https:\/\/www.youtube.com\/channel\/UCVUy5UYNDE3a6BChaPRRjTw\" target=\"_blank\" rel=\"noopener noreferrer\"><br \/>\nYoutube<br \/>\n<\/a><br \/>\n<a href=\"https:\/\/www.instagram.com\/sbgames_oficial\/\" target=\"_blank\" rel=\"noopener noreferrer\"><br \/>\nInstagram<br \/>\n<\/a><\/p>\n<p>@SBGames 2020<\/p>\n","protected":false},"excerpt":{"rendered":"<p>Realized by . Home Tracks Call for Arts &amp; Design Track Call for Computing Track Call for Culture Track Call for Education Track Call for Health Track Call for Industry Track Activities Festival de Jogos Festival de Artes Call for Games and Diversity Call for GranDGamesBR Call for Thesis and Dissertations (CTD) Call for G2 [&hellip;]<\/p>\n","protected":false},"author":1,"featured_media":0,"parent":108,"menu_order":0,"comment_status":"closed","ping_status":"closed","template":"elementor_canvas","meta":{"footnotes":""},"class_list":["post-490","page","type-page","status-publish","hentry"],"_links":{"self":[{"href":"https:\/\/www.sbgames.org\/sbgames2020\/wp-json\/wp\/v2\/pages\/490","targetHints":{"allow":["GET"]}}],"collection":[{"href":"https:\/\/www.sbgames.org\/sbgames2020\/wp-json\/wp\/v2\/pages"}],"about":[{"href":"https:\/\/www.sbgames.org\/sbgames2020\/wp-json\/wp\/v2\/types\/page"}],"author":[{"embeddable":true,"href":"https:\/\/www.sbgames.org\/sbgames2020\/wp-json\/wp\/v2\/users\/1"}],"replies":[{"embeddable":true,"href":"https:\/\/www.sbgames.org\/sbgames2020\/wp-json\/wp\/v2\/comments?post=490"}],"version-history":[{"count":18,"href":"https:\/\/www.sbgames.org\/sbgames2020\/wp-json\/wp\/v2\/pages\/490\/revisions"}],"predecessor-version":[{"id":1427,"href":"https:\/\/www.sbgames.org\/sbgames2020\/wp-json\/wp\/v2\/pages\/490\/revisions\/1427"}],"up":[{"embeddable":true,"href":"https:\/\/www.sbgames.org\/sbgames2020\/wp-json\/wp\/v2\/pages\/108"}],"wp:attachment":[{"href":"https:\/\/www.sbgames.org\/sbgames2020\/wp-json\/wp\/v2\/media?parent=490"}],"curies":[{"name":"wp","href":"https:\/\/api.w.org\/{rel}","templated":true}]}}