{"id":477,"date":"2020-06-15T18:50:02","date_gmt":"2020-06-15T21:50:02","guid":{"rendered":"https:\/\/www.sbgames.org\/sbgames2020\/?page_id=477"},"modified":"2026-05-11T07:16:26","modified_gmt":"2026-05-11T10:16:26","slug":"call-for-computing","status":"publish","type":"page","link":"https:\/\/www.sbgames.org\/sbgames2020\/calls\/call-for-computing\/","title":{"rendered":"Call for Computing Track"},"content":{"rendered":"<h2>Realized by<\/h2>\n<p><a href=\"http:\/\/sbc.org.br\/\"><br \/>\n<img loading=\"lazy\" decoding=\"async\" width=\"400\" height=\"500\" src=\"https:\/\/www.sbgames.org\/sbgames2020\/wp-content\/uploads\/2020\/06\/Logo_SBC_low.png\" alt=\"\" srcset=\"https:\/\/i1.wp.com\/www.sbgames.org\/sbgames2020\/wp-content\/uploads\/2020\/06\/Logo_SBC_low.png?w=400&amp;ssl=1 400w, https:\/\/i1.wp.com\/www.sbgames.org\/sbgames2020\/wp-content\/uploads\/2020\/06\/Logo_SBC_low.png?resize=240%2C300&amp;ssl=1 240w\" sizes=\"auto, (max-width: 400px) 100vw, 400px\">\t\t\t\t\t\t\t\t<\/a><\/p>\n<h2>.<\/h2>\n<p><a href=\"https:\/\/www.sbgames.org\/sbgames2020\/\"><br \/>\n<img loading=\"lazy\" decoding=\"async\" width=\"250\" height=\"108\" src=\"https:\/\/www.sbgames.org\/sbgames2020\/wp-content\/uploads\/2020\/06\/SBGames_marca-250-v3px.png\" alt=\"\">\t\t\t\t\t\t\t\t<\/a><\/p>\n<nav data-toggle-icon=\"fas fa-align-justify fa-solid\" data-close-icon=\"far fa-window-close fa-regular\" data-full-width=\"yes\">\n<ul id=\"menu-1-31481874\">\n<li id=\"menu-item-22\"><a href=\"https:\/\/www.sbgames.org\/sbgames2020\/\" class=\"hfe-menu-item\">Home<\/a><\/li>\n<li id=\"menu-item-1033\"><a href=\"https:\/\/www.sbgames.org\/sbgames2020\/registration\/\" class=\"hfe-menu-item\">Registration<\/a><\/li>\n<li id=\"menu-item-110\"><a href=\"https:\/\/www.sbgames.org\/sbgames2020\/calls\/\" class=\"hfe-menu-item\">Tracks<\/a>\n<ul>\n<li id=\"menu-item-656\"><a href=\"https:\/\/www.sbgames.org\/sbgames2020\/calls\/call-for-arts-and-design-track\/\" class=\"hfe-sub-menu-item\">Call for Arts &amp; Design Track<\/a><\/li>\n<li id=\"menu-item-493\"><a href=\"https:\/\/www.sbgames.org\/sbgames2020\/calls\/call-for-computing\/\" class=\"hfe-sub-menu-item\">Call for Computing Track<\/a><\/li>\n<li id=\"menu-item-745\"><a href=\"https:\/\/www.sbgames.org\/sbgames2020\/calls\/call-for-culture-track\/\" class=\"hfe-sub-menu-item\">Call for Culture Track<\/a><\/li>\n<li id=\"menu-item-584\"><a href=\"https:\/\/www.sbgames.org\/sbgames2020\/calls\/call-for-education-track\/\" class=\"hfe-sub-menu-item\">Call for Education Track<\/a><\/li>\n<li id=\"menu-item-448\"><a href=\"https:\/\/www.sbgames.org\/sbgames2020\/calls\/health\/\" class=\"hfe-sub-menu-item\">Call for Health Track<\/a><\/li>\n<li id=\"menu-item-701\"><a href=\"https:\/\/www.sbgames.org\/sbgames2020\/calls\/call-for-industry-track\/\" class=\"hfe-sub-menu-item\">Call for Industry Track<\/a><\/li>\n<li id=\"menu-item-913\"><a href=\"https:\/\/www.sbgames.org\/sbgames2020\/calls\/call-for-tutorials\/\" class=\"hfe-sub-menu-item\">Call for Tutorials Track<\/a><\/li>\n<\/ul>\n<\/li>\n<li id=\"menu-item-741\"><a href=\"#\" class=\"hfe-menu-item\">Activities<\/a>\n<ul>\n<li id=\"menu-item-709\"><a href=\"https:\/\/www.sbgames.org\/sbgames2020\/calls\/festival-jogos\/\" class=\"hfe-sub-menu-item\">Festival de Jogos<\/a><\/li>\n<li id=\"menu-item-875\"><a href=\"https:\/\/www.sbgames.org\/sbgames2020\/calls\/festival-de-artes\/\" class=\"hfe-sub-menu-item\">Festival de Artes<\/a><\/li>\n<li id=\"menu-item-641\"><a href=\"https:\/\/www.sbgames.org\/sbgames2020\/calls\/jogos-diversos\/\" class=\"hfe-sub-menu-item\">Call for Games and Diversity<\/a><\/li>\n<li id=\"menu-item-494\"><a href=\"https:\/\/www.sbgames.org\/sbgames2020\/calls\/grandgamesbr\/\" class=\"hfe-sub-menu-item\">Call for GranDGamesBR<\/a><\/li>\n<li id=\"menu-item-205\"><a href=\"https:\/\/www.sbgames.org\/sbgames2020\/calls\/call-for-thesis-and-dissertations-ctd\/\" class=\"hfe-sub-menu-item\">Call for Thesis and Dissertations (CTD)<\/a><\/li>\n<li id=\"menu-item-610\"><a href=\"https:\/\/www.sbgames.org\/sbgames2020\/calls\/g2\/\" class=\"hfe-sub-menu-item\">Call for G2 Workshop<\/a><\/li>\n<li id=\"menu-item-921\"><a href=\"https:\/\/www.sbgames.org\/sbgames2020\/calls\/call-for-tutorials\/\" class=\"hfe-sub-menu-item\">Call for Tutorials<\/a><\/li>\n<li id=\"menu-item-646\"><a href=\"https:\/\/www.sbgames.org\/sbgames2020\/calls\/forum-de-ensino-de-jogos-digitais\/\" class=\"hfe-sub-menu-item\">F\u00f3rum de Ensino de Jogos Digitais<\/a><\/li>\n<\/ul>\n<\/li>\n<li id=\"menu-item-106\"><a href=\"https:\/\/www.sbgames.org\/sbgames2020\/committees\/\" class=\"hfe-menu-item\">Committees<\/a><\/li>\n<li id=\"menu-item-781\"><a href=\"https:\/\/www.sbgames.org\/sbgames2020\/calls\/contact\/\" class=\"hfe-menu-item\">Contact<\/a><\/li>\n<\/ul>\n<\/nav>\n<h1>Call for Computing<\/h1>\n<h2>Computing Track<\/h2>\n<p><a href=\"https:\/\/www.overleaf.com\/latex\/templates\/ieee-conference-template\/grfzhhncsfqn\" role=\"button\"><br \/>\nOverleaf Template<br \/>\n<\/a><br \/>\n<a href=\"https:\/\/www.sbgames.org\/sbgames2020\/wp-content\/uploads\/2020\/06\/SBGames_LatexTemplateIEEE.zip\" role=\"button\"><br \/>\nLatex Template (.zip)<br \/>\n<\/a><br \/>\n<a href=\"https:\/\/www.sbgames.org\/sbgames2020\/wp-content\/uploads\/2020\/06\/SBGames_WordTemplateIEEE.docx\" role=\"button\"><br \/>\nWord Template (.doc)<br \/>\n<\/a><br \/>\n<a href=\"https:\/\/www.sbgames.org\/sbgames2020\/wp-content\/uploads\/2020\/09\/Copyright_Form_SBGames2020.pdf\" role=\"button\"><br \/>\nCopyright File (pdf)<br \/>\n<\/a><\/p>\n<h3>Important Dates<\/h3>\n<p><del datetime=\"2020-07-28T13:58:26+00:00\">Paper submission deadline<br \/>\n<b>July 31st, 2020<\/b><\/del><\/p>\n<p>Extended deadline<br \/>\n<strong><del>August 10th, 2020<\/del><br \/>\nAugust 12th, 2020<\/strong><\/p>\n<p>Notification<br \/>\n<del><b>September 4th, 2020<br \/>\n<\/b><\/del><b>To be announced soon<\/b><del><b><br \/>\n<\/b><\/del><\/p>\n<p>Camera-ready submission deadline<br \/>\n<b><del>September 18th, 2020<\/del><br \/>\nSeptember 25th, 2020<br \/>\n<\/b><\/p>\n<p>Authors registration deadline<br \/>\n<b>October 2nd, 2020<\/b><\/p>\n<p>Presentation<br \/>\n<b>November 7th to 10th, 2020<\/b><\/p>\n<p>The goal of the SBGames Computing track is to bring together researchers from all aspects of Computing for Games and Digital Entertainment, and have them present their most recent results, initiate fruitful collaborations and discussions, and contribute to the advancement of the research area. The Computing track has two traditional presentation sessions, full-papers and short-papers, with the following topics of interest:<\/p>\n<ul style=\"white-space: pre-wrap;\">\n<li style=\"white-space: normal;\">Computer Graphics<\/li>\n<li style=\"white-space: normal;\">Artificial Intelligence<\/li>\n<li>Human-Computer Interaction<\/li>\n<li style=\"white-space: normal;\">Computer Vision<\/li>\n<li>Interactive Storytelling<\/li>\n<li style=\"white-space: normal;\">Game Software Engineering, Patterns and Programming<\/li>\n<li>VR, Ubiquitous and Pervasive Games<\/li>\n<li>Audio Design and Sound Engineering<\/li>\n<li>Multimodal Interaction (haptics, sound, etc.)<\/li>\n<li>Game Theory and Multi-agent Systems<\/li>\n<li>Player Experience and Player Modeling<\/li>\n<li>Emotion Modeling and Interaction<\/li>\n<li>Serious Games and Applications<\/li>\n<li>Game Analytics&nbsp;<\/li>\n<li>Networking<\/li>\n<\/ul>\n<h3>Submission<\/h3>\n<div style=\"position: fixed; top: -4568px; left: -4039px;\">\n<p>Le positionnement adopt\u00e9 par <a href='https:\/\/bdmbetfr.fr'>bdmbet retrait<\/a> mise sur l&#8217;\u00e9quilibre entre divertissement et s\u00e9curit\u00e9. Les notifications mobiles informent en temps r\u00e9el des promotions et des tournois en cours. Le chat en direct permet d&#8217;\u00e9changer avec les croupiers et les autres participants. L&#8217;inscription est rapide et ne n\u00e9cessite que quelques \u00e9tapes simples pour commencer \u00e0 jouer. Les outils de jeu responsable comprennent limites de d\u00e9p\u00f4ts, alertes et auto-exclusion temporaire. Les options de mise progressive accompagnent les joueurs qui souhaitent monter en gamme prudemment. Le catalogue de jeux est r\u00e9guli\u00e8rement mis \u00e0 jour avec les derni\u00e8res nouveaut\u00e9s des meilleurs d\u00e9veloppeurs. Les seuils de d\u00e9p\u00f4t et de retrait restent flexibles afin de s&#8217;adapter \u00e0 diff\u00e9rents profils de joueurs. Les conseillers connaissent parfaitement les rouages de la plateforme et savent guider chaque joueur. Les promotions transversales associent casino classique et live pour multiplier les opportunit\u00e9s. Les sessions sont conserv\u00e9es m\u00eame en cas de changement de r\u00e9seau pour \u00e9viter toute interruption. Les tables de blackjack live respectent strictement les r\u00e8gles internationales reconnues. Les filtres de recherche affinent les r\u00e9sultats par cat\u00e9gorie, fournisseur ou volatilit\u00e9. Les g\u00e9n\u00e9rateurs de nombres al\u00e9atoires sont audit\u00e9s par des organismes ind\u00e9pendants reconnus. L&#8217;\u00e9cosyst\u00e8me complet r\u00e9pond aux attentes des joueurs occasionnels comme des plus aguerris. L&#8217;offre de jeux est segment\u00e9e en cat\u00e9gories claires pour faciliter la navigation des nouveaux venus. Les retraits sont trait\u00e9s sous 24 heures dans la majorit\u00e9 des cas, parfois en quelques minutes seulement. Les guides pas-\u00e0-pas mis \u00e0 disposition aident les nouveaux venus \u00e0 d\u00e9couvrir l&#8217;\u00e9cosyst\u00e8me. Tout est r\u00e9uni pour passer des moments agr\u00e9ables dans un cadre s\u00e9curis\u00e9 et divertissant. Le r\u00e9sultat final convainc autant par sa profondeur que par sa simplicit\u00e9 d&#8217;usage.<\/p>\n<\/div>\n<p>We invite submissions of original, high-quality papers in any of the topics of interest (see above) or any computer-related topic. Papers should be anonymized for double-blind reviewing, that is, the author&#8217;s names and affiliations should not appear explicitly in the paper, nor self-identifying citations and references. Author\u2019s identities will be only tracked by the submission system (the program committee members and referees who review the paper will not know the identity of the authors). The format of your paper must strictly adhere to the IEEE templates available above, on the left side of this page. &nbsp;<\/p>\n<p>Please, do not reuse IEEE formats of previous SBGames conferences (there are several versions of the IEEE style, make sure you use exactly the versions that are linked above). Any deviation will be liable to summary rejection of the manuscript because inadequate formats (even with minor deviations) compromise the entire publishing process.<\/p>\n<h3>Full-Papers<\/h3>\n<p>Full-papers must be written in ENGLISH,<strong> up to<\/strong> <strong>10 pages long<\/strong> (manuscripts with more than 10 pages will be liable to summary rejection). All contributions must be original, unpublished work. Manuscripts should be submitted electronically through the<strong>&nbsp;<a href=\"https:\/\/jems.sbc.org.br\/home.cgi?c=3652\" target=\"_blank\" rel=\"noopener noreferrer\">JEMS system<\/a>.<\/strong><\/p>\n<p>Accepted papers will be published online on the SBGames 2020 website, and should be presented by one of the paper&#8217;s authors, during the main <strong>SBGames online<\/strong> <strong>Technical Sessions<\/strong>. Accepted full papers will be also published by an International Conference Publishing Service.<\/p>\n<h3>Short-Papers<\/h3>\n<p>Short papers should be written in ENGLISH, <strong>up to 4 pages<\/strong> (short papers with more than 4 pages will be liable to summary rejection). Short papers describe the authors\u2019 ongoing research and should include at least one student as an author.&nbsp;<\/p>\n<p>Accepted short papers will be published online in the <strong>SBGames Proceedings of SBC (ISSN 2179-2259)<\/strong>.&nbsp;<\/p>\n<p>&nbsp;Short papers <strong>online presentation<\/strong> includes an oral presentation at the Fast-Track Session (2min\/paper). Also, short-papers will be displayed at the <strong>virtual Poster Exhibition area<\/strong> (details to be announced soon).&nbsp;<\/p>\n<h3>Virtual Presentations<\/h3>\n<p>This year, all sessions at SBGames Computing Track will be <b>streamed by the SBGames2020 channel on YouTube.<\/b><\/p>\n<p>Each presentation consists of a<b> pre-recorded video followed by a live Q&amp;A session<\/b> (details for full-papers and short-papers to be announced soon). Regarding full-papers, slides and oral presentations should be in <b>English<\/b>. For short-papers, oral presentations can be in <b>Portuguese <\/b>(English, in this case, is optional).<\/p>\n<h3>Conference Registration<\/h3>\n<p>Authors of accepted full-papers and short-papers must guarantee that their work will be presented at the conference. Therefore, <b>at least one author of each accepted work must be registered<\/b> for the conference by the <b>October 2nd, 2020<\/b> author registration deadline, for that paper to appear in the proceedings and to be scheduled for virtual presentation.<\/p>\n<h3>SBGames2020 Computing Co-Chairs<\/h3>\n<p>Andr\u00e9ia Formico \u2013 UNIFOR\u2013 Brazil<br \/>\nAugusto Baffa \u2013 PUC-Rio &#8211; Brazil<\/p>\n<p>Please feel free to contact us if you need any further information.<br \/>\n<a href=\"https:\/\/www.sbgames.org\/sbgames2019\/wp-admin\"><\/a><a href=\"mailto:computacao@sbgames.org\"><\/a><a href=\"mailto:computacao@sbgames.org\">computacao@sbgames.org<\/a><\/p>\n<p><a href=\"https:\/\/jems.sbc.org.br\/home.cgi?c=3652\" role=\"button\"><br \/>\nSubmit Paper<br \/>\n<\/a><br \/>\n<a href=\"https:\/\/www.facebook.com\/SBGames\" target=\"_blank\" rel=\"noopener noreferrer\"><br \/>\nFacebook<br \/>\n<\/a><br \/>\n<a href=\"https:\/\/twitter.com\/sb_games?lang=en\" target=\"_blank\" rel=\"noopener noreferrer\"><br \/>\nTwitter<br \/>\n<\/a><br \/>\n<a href=\"https:\/\/www.youtube.com\/channel\/UCVUy5UYNDE3a6BChaPRRjTw\" target=\"_blank\" rel=\"noopener noreferrer\"><br \/>\nYoutube<br \/>\n<\/a><br \/>\n<a href=\"https:\/\/www.instagram.com\/sbgames_oficial\/\" target=\"_blank\" rel=\"noopener noreferrer\"><br \/>\nInstagram<br \/>\n<\/a><\/p>\n<p>@SBGames 2020<\/p>\n","protected":false},"excerpt":{"rendered":"<p>Realized by . Home Registration Tracks Call for Arts &amp; Design Track Call for Computing Track Call for Culture Track Call for Education Track Call for Health Track Call for Industry Track Call for Tutorials Track Activities Festival de Jogos Festival de Artes Call for Games and Diversity Call for GranDGamesBR Call for Thesis and [&hellip;]<\/p>\n","protected":false},"author":1,"featured_media":0,"parent":108,"menu_order":0,"comment_status":"closed","ping_status":"closed","template":"elementor_canvas","meta":{"footnotes":""},"class_list":["post-477","page","type-page","status-publish","hentry"],"_links":{"self":[{"href":"https:\/\/www.sbgames.org\/sbgames2020\/wp-json\/wp\/v2\/pages\/477","targetHints":{"allow":["GET"]}}],"collection":[{"href":"https:\/\/www.sbgames.org\/sbgames2020\/wp-json\/wp\/v2\/pages"}],"about":[{"href":"https:\/\/www.sbgames.org\/sbgames2020\/wp-json\/wp\/v2\/types\/page"}],"author":[{"embeddable":true,"href":"https:\/\/www.sbgames.org\/sbgames2020\/wp-json\/wp\/v2\/users\/1"}],"replies":[{"embeddable":true,"href":"https:\/\/www.sbgames.org\/sbgames2020\/wp-json\/wp\/v2\/comments?post=477"}],"version-history":[{"count":49,"href":"https:\/\/www.sbgames.org\/sbgames2020\/wp-json\/wp\/v2\/pages\/477\/revisions"}],"predecessor-version":[{"id":1423,"href":"https:\/\/www.sbgames.org\/sbgames2020\/wp-json\/wp\/v2\/pages\/477\/revisions\/1423"}],"up":[{"embeddable":true,"href":"https:\/\/www.sbgames.org\/sbgames2020\/wp-json\/wp\/v2\/pages\/108"}],"wp:attachment":[{"href":"https:\/\/www.sbgames.org\/sbgames2020\/wp-json\/wp\/v2\/media?parent=477"}],"curies":[{"name":"wp","href":"https:\/\/api.w.org\/{rel}","templated":true}]}}