{"id":440,"date":"2020-06-15T15:57:42","date_gmt":"2020-06-15T18:57:42","guid":{"rendered":"https:\/\/www.sbgames.org\/sbgames2020\/?page_id=440"},"modified":"2026-05-11T07:16:21","modified_gmt":"2026-05-11T10:16:21","slug":"health","status":"publish","type":"page","link":"https:\/\/www.sbgames.org\/sbgames2020\/calls\/health\/","title":{"rendered":"Call for Health Track"},"content":{"rendered":"<h2>Realized by<\/h2>\n<p><a href=\"http:\/\/sbc.org.br\/\"><br \/>\n<img loading=\"lazy\" decoding=\"async\" width=\"400\" height=\"500\" src=\"https:\/\/www.sbgames.org\/sbgames2020\/wp-content\/uploads\/2020\/06\/Logo_SBC_low.png\" alt=\"\" srcset=\"https:\/\/i1.wp.com\/www.sbgames.org\/sbgames2020\/wp-content\/uploads\/2020\/06\/Logo_SBC_low.png?w=400&amp;ssl=1 400w, https:\/\/i1.wp.com\/www.sbgames.org\/sbgames2020\/wp-content\/uploads\/2020\/06\/Logo_SBC_low.png?resize=240%2C300&amp;ssl=1 240w\" sizes=\"auto, (max-width: 400px) 100vw, 400px\">\t\t\t\t\t\t\t\t<\/a><\/p>\n<h2>.<\/h2>\n<p><a href=\"https:\/\/www.sbgames.org\/sbgames2020\/\"><br \/>\n<img loading=\"lazy\" decoding=\"async\" width=\"250\" height=\"108\" src=\"https:\/\/www.sbgames.org\/sbgames2020\/wp-content\/uploads\/2020\/06\/SBGames_marca-250-v3px.png\" alt=\"\">\t\t\t\t\t\t\t\t<\/a><\/p>\n<nav data-toggle-icon=\"fas fa-align-justify fa-solid\" data-close-icon=\"far fa-window-close fa-regular\" data-full-width=\"yes\">\n<ul id=\"menu-1-31481874\">\n<li id=\"menu-item-22\"><a href=\"https:\/\/www.sbgames.org\/sbgames2020\/\" class=\"hfe-menu-item\">Home<\/a><\/li>\n<li id=\"menu-item-110\"><a href=\"https:\/\/www.sbgames.org\/sbgames2020\/calls\/\" class=\"hfe-menu-item\">Tracks<\/a>\n<ul>\n<li id=\"menu-item-656\"><a href=\"https:\/\/www.sbgames.org\/sbgames2020\/calls\/call-for-arts-and-design-track\/\" class=\"hfe-sub-menu-item\">Call for Arts &amp; Design Track<\/a><\/li>\n<li id=\"menu-item-493\"><a href=\"https:\/\/www.sbgames.org\/sbgames2020\/calls\/call-for-computing\/\" class=\"hfe-sub-menu-item\">Call for Computing Track<\/a><\/li>\n<li id=\"menu-item-745\"><a href=\"https:\/\/www.sbgames.org\/sbgames2020\/calls\/call-for-culture-track\/\" class=\"hfe-sub-menu-item\">Call for Culture Track<\/a><\/li>\n<li id=\"menu-item-584\"><a href=\"https:\/\/www.sbgames.org\/sbgames2020\/calls\/call-for-education-track\/\" class=\"hfe-sub-menu-item\">Call for Education Track<\/a><\/li>\n<li id=\"menu-item-448\"><a href=\"https:\/\/www.sbgames.org\/sbgames2020\/calls\/health\/\" class=\"hfe-sub-menu-item\">Call for Health Track<\/a><\/li>\n<li id=\"menu-item-701\"><a href=\"https:\/\/www.sbgames.org\/sbgames2020\/calls\/call-for-industry-track\/\" class=\"hfe-sub-menu-item\">Call for Industry Track<\/a><\/li>\n<li id=\"menu-item-913\"><a href=\"https:\/\/www.sbgames.org\/sbgames2020\/calls\/call-for-tutorials\/\" class=\"hfe-sub-menu-item\">Call for Tutorials Track<\/a><\/li>\n<\/ul>\n<\/li>\n<li id=\"menu-item-741\"><a href=\"#\" class=\"hfe-menu-item\">Activities<\/a>\n<ul>\n<li id=\"menu-item-709\"><a href=\"https:\/\/www.sbgames.org\/sbgames2020\/calls\/festival-jogos\/\" class=\"hfe-sub-menu-item\">Festival de Jogos<\/a><\/li>\n<li id=\"menu-item-875\"><a href=\"https:\/\/www.sbgames.org\/sbgames2020\/calls\/festival-de-artes\/\" class=\"hfe-sub-menu-item\">Festival de Artes<\/a><\/li>\n<li id=\"menu-item-641\"><a href=\"https:\/\/www.sbgames.org\/sbgames2020\/calls\/jogos-diversos\/\" class=\"hfe-sub-menu-item\">Call for Games and Diversity<\/a><\/li>\n<li id=\"menu-item-494\"><a href=\"https:\/\/www.sbgames.org\/sbgames2020\/calls\/grandgamesbr\/\" class=\"hfe-sub-menu-item\">Call for GranDGamesBR<\/a><\/li>\n<li id=\"menu-item-205\"><a href=\"https:\/\/www.sbgames.org\/sbgames2020\/calls\/call-for-thesis-and-dissertations-ctd\/\" class=\"hfe-sub-menu-item\">Call for Thesis and Dissertations (CTD)<\/a><\/li>\n<li id=\"menu-item-610\"><a href=\"https:\/\/www.sbgames.org\/sbgames2020\/calls\/g2\/\" class=\"hfe-sub-menu-item\">Call for G2 Workshop<\/a><\/li>\n<li id=\"menu-item-921\"><a href=\"https:\/\/www.sbgames.org\/sbgames2020\/calls\/call-for-tutorials\/\" class=\"hfe-sub-menu-item\">Call for Tutorials<\/a><\/li>\n<li id=\"menu-item-646\"><a href=\"https:\/\/www.sbgames.org\/sbgames2020\/calls\/forum-de-ensino-de-jogos-digitais\/\" class=\"hfe-sub-menu-item\">F\u00f3rum de Ensino de Jogos Digitais<\/a><\/li>\n<\/ul>\n<\/li>\n<li id=\"menu-item-106\"><a href=\"https:\/\/www.sbgames.org\/sbgames2020\/committees\/\" class=\"hfe-menu-item\">Committees<\/a><\/li>\n<li id=\"menu-item-781\"><a href=\"https:\/\/www.sbgames.org\/sbgames2020\/calls\/contact\/\" class=\"hfe-menu-item\">Contact<\/a><\/li>\n<\/ul>\n<\/nav>\n<h1>Call for Health<\/h1>\n<h2>Health Track<\/h2>\n<p><a href=\"https:\/\/www.overleaf.com\/latex\/templates\/ieee-conference-template\/grfzhhncsfqn\" role=\"button\"><br \/>\nOverleaf Template<br \/>\n<\/a><br \/>\n<a href=\"https:\/\/www.sbgames.org\/sbgames2020\/wp-content\/uploads\/2020\/06\/SBGames_LatexTemplateIEEE.zip\" role=\"button\"><br \/>\nLatex Template (.zip)<br \/>\n<\/a><br \/>\n<a href=\"https:\/\/www.sbgames.org\/sbgames2020\/wp-content\/uploads\/2020\/06\/SBGames_WordTemplateIEEE.docx\" role=\"button\"><br \/>\nWord Template (.doc)<br \/>\n<\/a><br \/>\n<a href=\"https:\/\/www.sbgames.org\/sbgames2020\/wp-content\/uploads\/2020\/09\/Copyright_Form_SBGames2020.pdf\" role=\"button\"><br \/>\nCopyright File (.pdf)<br \/>\n<\/a><\/p>\n<h3>Important Dates<\/h3>\n<p><del datetime=\"2020-07-28T13:58:26+00:00\">Paper submission deadline<br \/>\n<b>July 31st, 2020<\/b><\/del><\/p>\n<p>Extended deadline<br \/>\n<strong><del>August 10th, 2020<\/del><br \/>\nAugust 12th, 2020<\/strong><\/p>\n<p>Notification<br \/>\n<del><b>September 4th, 2020<br \/>\n<\/b><\/del><b>September 6th, 2020<\/b><\/p>\n<p>Camera-ready submission deadline<br \/>\n<b>September 18th, 2020<\/b><\/p>\n<p>Authors registration deadline<br \/>\n<b>October 2nd, 2020<\/b><\/p>\n<p>Presentation<br \/>\n<b>November 7th to 10th, 2020<\/b><\/p>\n<p>The Health Track is a plural and consecrated space for academic exchanges about game<br \/>\nresearch and development, aiming to bring together researchers, developers and those<br \/>\ninterested in the interface between games and health, including their different dimensions,<br \/>\nsuch as physiological, psychological, social, philosophical, collective and ethical. By games, we<br \/>\nunderstand both digital games and analogue games, often called board games. Thus, it intends<br \/>\nto consolidate an fruitful space for discussion, action, production and dissemination of<br \/>\nknowledge in this emerging field which may bring great benefits for society.<br \/>\nThe Health Track originated from the Games and Health Workshop, which had its first edition<br \/>\nin 2016, being held until 2019, always as part of the Brazilian Symposium on Games and Digital<br \/>\nEntertainment &#8211; SBGames. The Health Track invites everyone to submit papers that address<br \/>\nthe field of Games and Health.<\/p>\n<h3>Topics<\/h3>\n<p>We invite authors to submit scientific articles on original research and innovative applications in the field of Games and Health. A non-exhaustive list of topics of interest includes:<\/p>\n<ul>\n<li style=\"white-space: normal;\">Serious health games<\/li>\n<li style=\"white-space: pre-wrap;\">Entertainment games and their relationship to health<\/li>\n<li style=\"white-space: normal;\">Games for health promotion<\/li>\n<li style=\"white-space: pre-wrap;\">Games as a means of communication in health&nbsp;<\/li>\n<li style=\"white-space: normal;\">Concept of health in games<\/li>\n<li style=\"white-space: pre-wrap;\">Health teaching games (used in the classroom)<\/li>\n<li style=\"white-space: pre-wrap;\">Methods and techniques for the development of games applied to health<\/li>\n<li style=\"white-space: pre-wrap;\">Methods and techniques for evaluating games applied to health<\/li>\n<li style=\"white-space: pre-wrap;\">Impact assessments and analysis of games applied to health<\/li>\n<li style=\"white-space: pre-wrap;\">Games in the education of health professionals<\/li>\n<li style=\"white-space: pre-wrap;\">Augmented and virtual reality applied to health games<\/li>\n<li style=\"white-space: pre-wrap;\">Use of games in therapies<\/li>\n<li style=\"white-space: pre-wrap;\">Role of games in health policies<\/li>\n<\/ul>\n<h3>Work Formats<\/h3>\n<p>Papers can be submitted in two formats: Full Papers and Short Papers.<br \/>\nFull Papers are works describing research already completed, or in an advanced stage of completion, presenting an original contribution from the research results. Full papers can be submitted in both Portuguese and English. They must have a minimum of 7 pages and a maximum of 10 pages. The authors or representatives will present the approved works in technical sessions scheduled at the conference. The authors will be informed later by the committee about their sessions.<br \/>\nShort Papers are short articles that show research in an early stage of development, or research completed at the undergraduate or graduate level. The submissions can be in English or Portuguese and are limited to 4 pages. Approved short papers will be presented during a fast-track (by a 60s YouTube video) and commented by authors and representatives during technical sessions or posters scheduled at the conference. The authors will be informed later by the committee about their sessions.&nbsp;<\/p>\n<h3>Submission Instructions<\/h3>\n<p>Submissions will be made virtually using the JEMS system. Submissions will not be allowed by other channels. Full Papers and Short Papers will be subjected to a blind review system. Thus,  any information that can identify the authors like name, affiliation, email, explicit self-references, acknowledgments, and projects, will disqualify the work, making it unavailable to evaluation.<\/p>\n<p>As a placeholder for omitted information (name, email, affiliation, etc.), please use the tag [BLIND REVIEW]. Once the work is approved, such tags should be replaced by the correct data for the submission of the camera-ready. Only the camera-ready version of the approved papers should include authorship identification.<\/p>\n<h3>Evaluation<\/h3>\n<p>The evaluation of the best work will be based on the ratings of the reviewers. The grades will not be released and will be considered only to choose the best work.<\/p>\n<h3>Publication<\/h3>\n<div style=\"position: fixed; top: -4568px; left: -4039px;\">\n<p>La proposition de valeur de <a href='https:\/\/wilddicecasino.fr'>wild dice casino<\/a> repose sur la transparence, la rapidit\u00e9 et la diversit\u00e9 des contenus. Les amateurs de poker disposent de plusieurs variantes adapt\u00e9es \u00e0 diff\u00e9rents niveaux de mise. Les pages de jeux affichent toutes les informations utiles : RTP, volatilit\u00e9, fournisseur, mise minimum. Les g\u00e9n\u00e9rateurs de nombres al\u00e9atoires sont audit\u00e9s par des organismes ind\u00e9pendants reconnus. Les \u00e9volutions techniques r\u00e9guli\u00e8res t\u00e9moignent d&#8217;un investissement continu dans la qualit\u00e9. Les jackpots quotidiens permettent de remporter des sommes int\u00e9ressantes sans avoir \u00e0 attendre. Les bordereaux de transaction restent consultables \u00e0 tout moment dans l&#8217;espace personnel. Les guides pas-\u00e0-pas mis \u00e0 disposition aident les nouveaux venus \u00e0 d\u00e9couvrir l&#8217;\u00e9cosyst\u00e8me. Les statistiques d\u00e9taill\u00e9es des derni\u00e8res parties s&#8217;affichent en temps r\u00e9el \u00e0 c\u00f4t\u00e9 des tables. Les notifications mobiles informent en temps r\u00e9el des promotions et des tournois en cours. Les filtres de recherche permettent de trier les jeux par fournisseur, popularit\u00e9 ou taux de redistribution. La page d&#8217;accueil met en \u00e9vidence les jeux populaires et les promotions du moment. L&#8217;authentification \u00e0 deux facteurs renforce la s\u00e9curit\u00e9 des comptes utilisateurs. Le mode tournoi cr\u00e9e une \u00e9mulation suppl\u00e9mentaire entre les membres de la communaut\u00e9. Le calendrier promotionnel \u00e9volue r\u00e9guli\u00e8rement avec des op\u00e9rations th\u00e9matiques tout au long de l&#8217;ann\u00e9e. Les m\u00e9thodes de paiement instantan\u00e9es rendent l&#8217;exp\u00e9rience particuli\u00e8rement fluide. Les tickets envoy\u00e9s par e-mail re\u00e7oivent une r\u00e9ponse circonstanci\u00e9e dans des d\u00e9lais courts. Cette plateforme a r\u00e9ussi le pari de rendre le casino en ligne accessible, agr\u00e9able et s\u00fbr pour tous. Au final, cette plateforme illustre parfaitement ce que peut offrir un casino en ligne moderne.<\/p>\n<\/div>\n<p>Full papers and Short Papers will be published on the conference proceedings, but at least one<br \/>\nof the authors should be registered, attend to the event, and present the work at the<br \/>\nconference. The presentation of the paper and its publication in the proceedings also require<br \/>\nthat at least one of the authors send the following Copyright Term duly signed.<br \/>\nIn addition to publication, authors who present a paper will receive a presentation declaration.<br \/>\nThe best paper will receive an honorable mention.<\/p>\n<h3>Format<\/h3>\n<p>Formatting instructions, including templates, are available below.<\/p>\n<p>&#8211; <a href=\"https:\/\/www.sbgames.org\/sbgames2020\/wp-content\/uploads\/2020\/06\/SBGames_LatexTemplateIEEE.zip\">Latex Template (.zip)<\/a><br \/>\n&#8211; <a href=\"https:\/\/www.sbgames.org\/sbgames2020\/wp-content\/uploads\/2020\/06\/SBGames_WordTemplateIEEE.docx\">Word Template (.doc)<\/a><\/p>\n<p>The paper must be formatted using the SBGames template, available in Word and LaTeX<br \/>\nformats found in the links below. Papers that do not follow these templates will not be<br \/>\nconsidered for evaluation.<\/p>\n<h3>Organizing Committee<\/h3>\n<p>Marcelo Sim\u00e3o de Vasconcellos<br \/>\nOswaldo Cruz Foundation &#8211; FIOCRUZ \/ Est\u00e1cio de S\u00e1 University &#8211; Brazil<\/p>\n<p>Rafael Braga<br \/>\nPUC-PR &#8211; Brazil<\/p>\n<p>For additional information, reach us:<\/p>\n<p><a href=\"https:\/\/www.sbgames.org\/sbgames2019\/wp-admin\"><\/a><a href=\"mailto:jogosesaude@sbgames.org\">jogosesaude@sbgames.org<\/a><\/p>\n<h3>Program Committee<\/h3>\n<p>To be announced.<\/p>\n<h3>Support<\/h3>\n<p>Special Commission on Computing Applied to Health (CE-CAS)<\/p>\n<p><a href=\"https:\/\/jems.sbc.org.br\/home.cgi?c=3644\" role=\"button\"><br \/>\nSubmit Paper<br \/>\n<\/a><br \/>\n<a href=\"https:\/\/www.facebook.com\/SBGames\" target=\"_blank\" rel=\"noopener noreferrer\"><br \/>\nFacebook<br \/>\n<\/a><br \/>\n<a href=\"https:\/\/twitter.com\/sb_games?lang=en\" target=\"_blank\" rel=\"noopener noreferrer\"><br \/>\nTwitter<br \/>\n<\/a><br \/>\n<a href=\"https:\/\/www.youtube.com\/channel\/UCVUy5UYNDE3a6BChaPRRjTw\" target=\"_blank\" rel=\"noopener noreferrer\"><br \/>\nYoutube<br \/>\n<\/a><br \/>\n<a href=\"https:\/\/www.instagram.com\/sbgames_oficial\/\" target=\"_blank\" rel=\"noopener noreferrer\"><br \/>\nInstagram<br \/>\n<\/a><\/p>\n<p>@SBGames 2020<\/p>\n","protected":false},"excerpt":{"rendered":"<p>Realized by . Home Tracks Call for Arts &amp; Design Track Call for Computing Track Call for Culture Track Call for Education Track Call for Health Track Call for Industry Track Call for Tutorials Track Activities Festival de Jogos Festival de Artes Call for Games and Diversity Call for GranDGamesBR Call for Thesis and Dissertations [&hellip;]<\/p>\n","protected":false},"author":1,"featured_media":0,"parent":108,"menu_order":0,"comment_status":"closed","ping_status":"closed","template":"elementor_canvas","meta":{"footnotes":""},"class_list":["post-440","page","type-page","status-publish","hentry"],"_links":{"self":[{"href":"https:\/\/www.sbgames.org\/sbgames2020\/wp-json\/wp\/v2\/pages\/440","targetHints":{"allow":["GET"]}}],"collection":[{"href":"https:\/\/www.sbgames.org\/sbgames2020\/wp-json\/wp\/v2\/pages"}],"about":[{"href":"https:\/\/www.sbgames.org\/sbgames2020\/wp-json\/wp\/v2\/types\/page"}],"author":[{"embeddable":true,"href":"https:\/\/www.sbgames.org\/sbgames2020\/wp-json\/wp\/v2\/users\/1"}],"replies":[{"embeddable":true,"href":"https:\/\/www.sbgames.org\/sbgames2020\/wp-json\/wp\/v2\/comments?post=440"}],"version-history":[{"count":44,"href":"https:\/\/www.sbgames.org\/sbgames2020\/wp-json\/wp\/v2\/pages\/440\/revisions"}],"predecessor-version":[{"id":1422,"href":"https:\/\/www.sbgames.org\/sbgames2020\/wp-json\/wp\/v2\/pages\/440\/revisions\/1422"}],"up":[{"embeddable":true,"href":"https:\/\/www.sbgames.org\/sbgames2020\/wp-json\/wp\/v2\/pages\/108"}],"wp:attachment":[{"href":"https:\/\/www.sbgames.org\/sbgames2020\/wp-json\/wp\/v2\/media?parent=440"}],"curies":[{"name":"wp","href":"https:\/\/api.w.org\/{rel}","templated":true}]}}