{"id":1236,"date":"2020-10-15T15:08:47","date_gmt":"2020-10-15T18:08:47","guid":{"rendered":"https:\/\/www.sbgames.org\/sbgames2020\/?page_id=1236"},"modified":"2020-10-15T15:30:52","modified_gmt":"2020-10-15T18:30:52","slug":"branding","status":"publish","type":"page","link":"https:\/\/www.sbgames.org\/sbgames2020\/branding\/","title":{"rendered":"Branding"},"content":{"rendered":"<h2>Realized by<\/h2>\n<p><a href=\"http:\/\/sbc.org.br\/\"><br \/>\n<img loading=\"lazy\" decoding=\"async\" width=\"400\" height=\"500\" src=\"https:\/\/www.sbgames.org\/sbgames2020\/wp-content\/uploads\/2020\/06\/Logo_SBC_low.png\" alt=\"\" srcset=\"https:\/\/i1.wp.com\/www.sbgames.org\/sbgames2020\/wp-content\/uploads\/2020\/06\/Logo_SBC_low.png?w=400&amp;ssl=1 400w, https:\/\/i1.wp.com\/www.sbgames.org\/sbgames2020\/wp-content\/uploads\/2020\/06\/Logo_SBC_low.png?resize=240%2C300&amp;ssl=1 240w\" sizes=\"auto, (max-width: 400px) 100vw, 400px\">\t\t\t\t\t\t\t\t<\/a><\/p>\n<h2>.<\/h2>\n<p><a href=\"https:\/\/www.sbgames.org\/sbgames2020\"><br \/>\n<img loading=\"lazy\" decoding=\"async\" width=\"250\" height=\"108\" src=\"https:\/\/www.sbgames.org\/sbgames2020\/wp-content\/uploads\/2020\/06\/SBGames_marca-250-v3px.png\" alt=\"\">\t\t\t\t\t\t\t\t<\/a><\/p>\n<nav data-toggle-icon=\"fas fa-align-justify fa-solid\" data-close-icon=\"far fa-window-close fa-regular\" data-full-width=\"yes\">\n<ul id=\"menu-1-31481874\">\n<li id=\"menu-item-22\"><a href=\"https:\/\/www.sbgames.org\/sbgames2020\/\" class=\"hfe-menu-item\">Home<\/a><\/li>\n<li id=\"menu-item-1033\"><a href=\"https:\/\/www.sbgames.org\/sbgames2020\/registration\/\" class=\"hfe-menu-item\">Registration<\/a><\/li>\n<li id=\"menu-item-110\"><a href=\"https:\/\/www.sbgames.org\/sbgames2020\/calls\/\" class=\"hfe-menu-item\">Tracks<\/a>\n<ul>\n<li id=\"menu-item-656\"><a href=\"https:\/\/www.sbgames.org\/sbgames2020\/calls\/call-for-arts-and-design-track\/\" class=\"hfe-sub-menu-item\">Call for Arts &amp; Design Track<\/a><\/li>\n<li id=\"menu-item-493\"><a href=\"https:\/\/www.sbgames.org\/sbgames2020\/calls\/call-for-computing\/\" class=\"hfe-sub-menu-item\">Call for Computing Track<\/a><\/li>\n<li id=\"menu-item-745\"><a href=\"https:\/\/www.sbgames.org\/sbgames2020\/calls\/call-for-culture-track\/\" class=\"hfe-sub-menu-item\">Call for Culture Track<\/a><\/li>\n<li id=\"menu-item-584\"><a href=\"https:\/\/www.sbgames.org\/sbgames2020\/calls\/call-for-education-track\/\" class=\"hfe-sub-menu-item\">Call for Education Track<\/a><\/li>\n<li id=\"menu-item-448\"><a href=\"https:\/\/www.sbgames.org\/sbgames2020\/calls\/health\/\" class=\"hfe-sub-menu-item\">Call for Health Track<\/a><\/li>\n<li id=\"menu-item-701\"><a href=\"https:\/\/www.sbgames.org\/sbgames2020\/calls\/call-for-industry-track\/\" class=\"hfe-sub-menu-item\">Call for Industry Track<\/a><\/li>\n<li id=\"menu-item-913\"><a href=\"https:\/\/www.sbgames.org\/sbgames2020\/calls\/call-for-tutorials\/\" class=\"hfe-sub-menu-item\">Call for Tutorials Track<\/a><\/li>\n<\/ul>\n<\/li>\n<li id=\"menu-item-741\"><a href=\"#\" class=\"hfe-menu-item\">Activities<\/a>\n<ul>\n<li id=\"menu-item-709\"><a href=\"https:\/\/www.sbgames.org\/sbgames2020\/calls\/festival-jogos\/\" class=\"hfe-sub-menu-item\">Games Festival<\/a><\/li>\n<li id=\"menu-item-875\"><a href=\"https:\/\/www.sbgames.org\/sbgames2020\/calls\/festival-de-artes\/\" class=\"hfe-sub-menu-item\">Art Festival<\/a><\/li>\n<li id=\"menu-item-641\"><a href=\"https:\/\/www.sbgames.org\/sbgames2020\/calls\/jogos-diversos\/\" class=\"hfe-sub-menu-item\">Call for Games and Diversity<\/a><\/li>\n<li id=\"menu-item-494\"><a href=\"https:\/\/www.sbgames.org\/sbgames2020\/calls\/grandgamesbr\/\" class=\"hfe-sub-menu-item\">Call for GranDGamesBR<\/a><\/li>\n<li id=\"menu-item-205\"><a href=\"https:\/\/www.sbgames.org\/sbgames2020\/calls\/call-for-thesis-and-dissertations-ctd\/\" class=\"hfe-sub-menu-item\">Call for Thesis and Dissertations (CTD)<\/a><\/li>\n<li id=\"menu-item-610\"><a href=\"https:\/\/www.sbgames.org\/sbgames2020\/calls\/g2\/\" class=\"hfe-sub-menu-item\">Call for G2 Workshop<\/a><\/li>\n<li id=\"menu-item-921\"><a href=\"https:\/\/www.sbgames.org\/sbgames2020\/calls\/call-for-tutorials\/\" class=\"hfe-sub-menu-item\">Call for Tutorials<\/a><\/li>\n<li id=\"menu-item-646\"><a href=\"https:\/\/www.sbgames.org\/sbgames2020\/calls\/forum-de-ensino-de-jogos-digitais\/\" class=\"hfe-sub-menu-item\">F\u00f3rum de Ensino de Jogos Digitais<\/a><\/li>\n<\/ul>\n<\/li>\n<li id=\"menu-item-106\"><a href=\"https:\/\/www.sbgames.org\/sbgames2020\/committees\/\" class=\"hfe-menu-item\">Committees<\/a><\/li>\n<li id=\"menu-item-1245\"><a href=\"https:\/\/www.sbgames.org\/sbgames2020\/branding\/\" class=\"hfe-menu-item\">Branding<\/a><\/li>\n<li id=\"menu-item-781\"><a href=\"https:\/\/www.sbgames.org\/sbgames2020\/calls\/contact\/\" class=\"hfe-menu-item\">Contact<\/a><\/li>\n<\/ul>\n<\/nav>\n<h1>Branding<\/h1>\n<h2>Marca do Evento<\/h2>\n<p>Utilize as vers\u00f5es da marca do evento para apresenta\u00e7\u00e3o de seu artigo ou projeto selecionado.<\/p>\n<p><img loading=\"lazy\" decoding=\"async\" width=\"300\" height=\"121\" src=\"https:\/\/www.sbgames.org\/sbgames2020\/wp-content\/uploads\/2020\/10\/SBGames_marca-completa-1950px-300x121.png\" alt=\"\" srcset=\"https:\/\/i0.wp.com\/www.sbgames.org\/sbgames2020\/wp-content\/uploads\/2020\/10\/SBGames_marca-completa-1950px.png?resize=300%2C121&amp;ssl=1 300w, https:\/\/i0.wp.com\/www.sbgames.org\/sbgames2020\/wp-content\/uploads\/2020\/10\/SBGames_marca-completa-1950px.png?resize=1024%2C412&amp;ssl=1 1024w, https:\/\/i0.wp.com\/www.sbgames.org\/sbgames2020\/wp-content\/uploads\/2020\/10\/SBGames_marca-completa-1950px.png?resize=768%2C309&amp;ssl=1 768w, https:\/\/i0.wp.com\/www.sbgames.org\/sbgames2020\/wp-content\/uploads\/2020\/10\/SBGames_marca-completa-1950px.png?resize=1536%2C618&amp;ssl=1 1536w, https:\/\/i0.wp.com\/www.sbgames.org\/sbgames2020\/wp-content\/uploads\/2020\/10\/SBGames_marca-completa-1950px.png?w=1950&amp;ssl=1 1950w\" sizes=\"auto, (max-width: 300px) 100vw, 300px\"><br \/>\n<a href=\"https:\/\/www.sbgames.org\/sbgames2020\/wp-content\/uploads\/2020\/10\/SBGames_marca-completa-1950px.png\" target=\"_blank\" role=\"button\" rel=\"noopener noreferrer\"><br \/>\nSBGames2020 &#8211; Vers\u00e3o  completa positiva<br \/>\n<\/a><br \/>\n<a href=\"https:\/\/www.sbgames.org\/sbgames2020\/wp-content\/uploads\/2020\/10\/SBGames_marca-completa-1950-2px.png\" target=\"_blank\" role=\"button\" rel=\"noopener noreferrer\"><br \/>\nSBGames2020 &#8211; Vers\u00e3o  completa negativa<br \/>\n<\/a><br \/>\n<a href=\"https:\/\/www.sbgames.org\/sbgames2020\/wp-content\/uploads\/2020\/10\/icon-sbgame2020.png\" target=\"_blank\" role=\"button\" rel=\"noopener noreferrer\"><br \/>\nSBGames2020 &#8211; S\u00edmbolo do evento<br \/>\n<\/a><br \/>\n<a href=\"https:\/\/www.sbgames.org\/sbgames2020\/wp-content\/uploads\/2020\/10\/Marcas-Finais_SBGames2020.pdf\" target=\"_blank\" role=\"button\" rel=\"noopener noreferrer\"><br \/>\nSBGames2020 &#8211; Vers\u00e3o em Vetor\/PDF<br \/>\n<\/a><br \/>\n<a href=\"https:\/\/www.facebook.com\/SBGames\" target=\"_blank\" rel=\"noopener noreferrer\"><br \/>\nFacebook<br \/>\n<\/a><br \/>\n<a href=\"https:\/\/twitter.com\/sb_games?lang=en\" target=\"_blank\" rel=\"noopener noreferrer\"><br \/>\nTwitter<br \/>\n<\/a><br \/>\n<a href=\"https:\/\/www.youtube.com\/channel\/UCVUy5UYNDE3a6BChaPRRjTw\" target=\"_blank\" rel=\"noopener noreferrer\"><br \/>\nYoutube<br \/>\n<\/a><br \/>\n<a href=\"https:\/\/www.instagram.com\/sbgames_oficial\/\" target=\"_blank\" rel=\"noopener noreferrer\"><br \/>\nInstagram<br \/>\n<\/a><\/p>\n<p>@SBGames 2020<\/p>\n","protected":false},"excerpt":{"rendered":"<p>Realized by . Home Registration Tracks Call for Arts &amp; Design Track Call for Computing Track Call for Culture Track Call for Education Track Call for Health Track Call for Industry Track Call for Tutorials Track Activities Games Festival Art Festival Call for Games and Diversity Call for GranDGamesBR Call for Thesis and Dissertations (CTD) [&hellip;]<\/p>\n","protected":false},"author":3,"featured_media":0,"parent":0,"menu_order":0,"comment_status":"closed","ping_status":"closed","template":"elementor_canvas","meta":{"footnotes":""},"class_list":["post-1236","page","type-page","status-publish","hentry"],"_links":{"self":[{"href":"https:\/\/www.sbgames.org\/sbgames2020\/wp-json\/wp\/v2\/pages\/1236","targetHints":{"allow":["GET"]}}],"collection":[{"href":"https:\/\/www.sbgames.org\/sbgames2020\/wp-json\/wp\/v2\/pages"}],"about":[{"href":"https:\/\/www.sbgames.org\/sbgames2020\/wp-json\/wp\/v2\/types\/page"}],"author":[{"embeddable":true,"href":"https:\/\/www.sbgames.org\/sbgames2020\/wp-json\/wp\/v2\/users\/3"}],"replies":[{"embeddable":true,"href":"https:\/\/www.sbgames.org\/sbgames2020\/wp-json\/wp\/v2\/comments?post=1236"}],"version-history":[{"count":11,"href":"https:\/\/www.sbgames.org\/sbgames2020\/wp-json\/wp\/v2\/pages\/1236\/revisions"}],"predecessor-version":[{"id":1250,"href":"https:\/\/www.sbgames.org\/sbgames2020\/wp-json\/wp\/v2\/pages\/1236\/revisions\/1250"}],"wp:attachment":[{"href":"https:\/\/www.sbgames.org\/sbgames2020\/wp-json\/wp\/v2\/media?parent=1236"}],"curies":[{"name":"wp","href":"https:\/\/api.w.org\/{rel}","templated":true}]}}