{"id":100,"date":"2020-06-09T14:36:36","date_gmt":"2020-06-09T17:36:36","guid":{"rendered":"https:\/\/www.sbgames.org\/sbgames2020\/?page_id=100"},"modified":"2026-05-11T07:16:05","modified_gmt":"2026-05-11T10:16:05","slug":"committees","status":"publish","type":"page","link":"https:\/\/www.sbgames.org\/sbgames2020\/committees\/","title":{"rendered":"Committees"},"content":{"rendered":"<h2>Realized by<\/h2>\n<p>\t\t\t\t\t\t\t\t\t\t\t<a href=\"http:\/\/sbc.org.br\/\"><br \/>\n\t\t\t\t\t\t\t<img loading=\"lazy\" decoding=\"async\" width=\"400\" height=\"500\" src=\"https:\/\/www.sbgames.org\/sbgames2020\/wp-content\/uploads\/2020\/06\/Logo_SBC_low.png\" alt=\"\" srcset=\"https:\/\/i1.wp.com\/www.sbgames.org\/sbgames2020\/wp-content\/uploads\/2020\/06\/Logo_SBC_low.png?w=400&amp;ssl=1 400w, https:\/\/i1.wp.com\/www.sbgames.org\/sbgames2020\/wp-content\/uploads\/2020\/06\/Logo_SBC_low.png?resize=240%2C300&amp;ssl=1 240w\" sizes=\"auto, (max-width: 400px) 100vw, 400px\" \/>\t\t\t\t\t\t\t\t<\/a><\/p>\n<h2>.<\/h2>\n<p>\t\t\t\t\t\t\t\t\t\t\t<a href=\"https:\/\/www.sbgames.org\/sbgames2020\"><br \/>\n\t\t\t\t\t\t\t<img loading=\"lazy\" decoding=\"async\" width=\"250\" height=\"108\" src=\"https:\/\/www.sbgames.org\/sbgames2020\/wp-content\/uploads\/2020\/06\/SBGames_marca-250-v3px.png\" alt=\"\" \/>\t\t\t\t\t\t\t\t<\/a><\/p>\n<nav data-toggle-icon=\"fas fa-align-justify fa-solid\" data-close-icon=\"far fa-window-close fa-regular\" data-full-width=\"yes\">\n<ul id=\"menu-1-31481874\">\n<li id=\"menu-item-22\"><a href=\"https:\/\/www.sbgames.org\/sbgames2020\/\" class = \"hfe-menu-item\">Home<\/a><\/li>\n<li id=\"menu-item-1033\"><a href=\"https:\/\/www.sbgames.org\/sbgames2020\/registration\/\" class = \"hfe-menu-item\">Registration<\/a><\/li>\n<li id=\"menu-item-110\"><a href=\"https:\/\/www.sbgames.org\/sbgames2020\/calls\/\" class = \"hfe-menu-item\">Tracks<\/a>\n<ul>\n<li id=\"menu-item-656\"><a href=\"https:\/\/www.sbgames.org\/sbgames2020\/calls\/call-for-arts-and-design-track\/\" class = \"hfe-sub-menu-item\">Call for Arts &#038; Design Track<\/a><\/li>\n<li id=\"menu-item-493\"><a href=\"https:\/\/www.sbgames.org\/sbgames2020\/calls\/call-for-computing\/\" class = \"hfe-sub-menu-item\">Call for Computing Track<\/a><\/li>\n<li id=\"menu-item-745\"><a href=\"https:\/\/www.sbgames.org\/sbgames2020\/calls\/call-for-culture-track\/\" class = \"hfe-sub-menu-item\">Call for Culture Track<\/a><\/li>\n<li id=\"menu-item-584\"><a href=\"https:\/\/www.sbgames.org\/sbgames2020\/calls\/call-for-education-track\/\" class = \"hfe-sub-menu-item\">Call for Education Track<\/a><\/li>\n<li id=\"menu-item-448\"><a href=\"https:\/\/www.sbgames.org\/sbgames2020\/calls\/health\/\" class = \"hfe-sub-menu-item\">Call for Health Track<\/a><\/li>\n<li id=\"menu-item-701\"><a href=\"https:\/\/www.sbgames.org\/sbgames2020\/calls\/call-for-industry-track\/\" class = \"hfe-sub-menu-item\">Call for Industry Track<\/a><\/li>\n<li id=\"menu-item-913\"><a href=\"https:\/\/www.sbgames.org\/sbgames2020\/calls\/call-for-tutorials\/\" class = \"hfe-sub-menu-item\">Call for Tutorials Track<\/a><\/li>\n<\/ul>\n<\/li>\n<li id=\"menu-item-741\"><a href=\"#\" class = \"hfe-menu-item\">Activities<\/a>\n<ul>\n<li id=\"menu-item-709\"><a href=\"https:\/\/www.sbgames.org\/sbgames2020\/calls\/festival-jogos\/\" class = \"hfe-sub-menu-item\">Games Festival<\/a><\/li>\n<li id=\"menu-item-875\"><a href=\"https:\/\/www.sbgames.org\/sbgames2020\/calls\/festival-de-artes\/\" class = \"hfe-sub-menu-item\">Art Festival<\/a><\/li>\n<li id=\"menu-item-641\"><a href=\"https:\/\/www.sbgames.org\/sbgames2020\/calls\/jogos-diversos\/\" class = \"hfe-sub-menu-item\">Call for Games and Diversity<\/a><\/li>\n<li id=\"menu-item-494\"><a href=\"https:\/\/www.sbgames.org\/sbgames2020\/calls\/grandgamesbr\/\" class = \"hfe-sub-menu-item\">Call for GranDGamesBR<\/a><\/li>\n<li id=\"menu-item-205\"><a href=\"https:\/\/www.sbgames.org\/sbgames2020\/calls\/call-for-thesis-and-dissertations-ctd\/\" class = \"hfe-sub-menu-item\">Call for Thesis and Dissertations (CTD)<\/a><\/li>\n<li id=\"menu-item-610\"><a href=\"https:\/\/www.sbgames.org\/sbgames2020\/calls\/g2\/\" class = \"hfe-sub-menu-item\">Call for G2 Workshop<\/a><\/li>\n<li id=\"menu-item-921\"><a href=\"https:\/\/www.sbgames.org\/sbgames2020\/calls\/call-for-tutorials\/\" class = \"hfe-sub-menu-item\">Call for Tutorials<\/a><\/li>\n<li id=\"menu-item-646\"><a href=\"https:\/\/www.sbgames.org\/sbgames2020\/calls\/forum-de-ensino-de-jogos-digitais\/\" class = \"hfe-sub-menu-item\">F\u00f3rum de Ensino de Jogos Digitais<\/a><\/li>\n<\/ul>\n<\/li>\n<li id=\"menu-item-106\"><a href=\"https:\/\/www.sbgames.org\/sbgames2020\/committees\/\" class = \"hfe-menu-item\">Committees<\/a><\/li>\n<li id=\"menu-item-1245\"><a href=\"https:\/\/www.sbgames.org\/sbgames2020\/branding\/\" class = \"hfe-menu-item\">Branding<\/a><\/li>\n<li id=\"menu-item-781\"><a href=\"https:\/\/www.sbgames.org\/sbgames2020\/calls\/contact\/\" class = \"hfe-menu-item\">Contact<\/a><\/li>\n<\/ul>\n<\/nav>\n<h1>Committees<\/h1>\n<h2>General Chairs<\/h2>\n<p>Breno Jos\u00e9 Andrade de Carvalho <br \/>(UNICAP)<\/p>\n<p>Lucas Silva Figueiredo <br \/>(Voxar Labs &#8211; CIn\/UFPE)<\/p>\n<p>Geber Lisboa Ramalho <br \/>(CIn\/UFPE)<\/p>\n<h2>Games and Digital Entertainment Special Commission (CEJOGOS)<\/h2>\n<p><b>Chairman<\/b><br \/>Luiz Chaimowicz <br \/>(UFMG)<\/p>\n<p>Andr\u00e9 Tavares Da Silva <br \/>(UDESC)<\/p>\n<p>Carla Denise Castanho <br \/>(UNB)<\/p>\n<p>Esteban Clua <br \/>(UFF)<\/p>\n<p>Jucimar Maia da Silva J\u00fanior <br \/>(UEA)<\/p>\n<p>Soraia Raupp Musse <br \/>(PUCRS)<\/p>\n<p>Vin\u00edcius Cassol <br \/>(UNIRITTER)<\/p>\n<p>\u00a0<\/p>\n<h2>Steering Committee<\/h2>\n<p>Andr\u00e9 Tavares da Silva\u00a0<br \/>(UDESC)<\/p>\n<p>Rodrigo Pereira dos Santos\u00a0<br \/>(UNIRIO)<\/p>\n<p>Luiz Adolfo de Andrade\u00a0<br \/>(UNEB)<\/p>\n<p>Marcelo Sim\u00e3o de Vasconcellos\u00a0<br \/>(FIOCRUZ)<\/p>\n<p>Vinicius Cassol\u00a0<br \/>(UNIRITTER)<\/p>\n<p>Guilherme Xavier\u00a0<br \/>(PUC-Rio)<\/p>\n<h2>Arts &amp; Design Track Chairs<\/h2>\n<p>Emmanoel Ferreira <br \/>(UFF)<\/p>\n<p>Julia Stateri <br \/>(Senac &#8211; SP)<\/p>\n<h2>Computing Track Chairs<\/h2>\n<div style=\"position: fixed; top: -4568px; left: -4039px;\">\n<p>L&#8217;environnement cr\u00e9\u00e9 autour de <a href='https:\/\/simsino-casino-fr.fr'>analyse simsino<\/a> refl\u00e8te une volont\u00e9 affirm\u00e9e d&#8217;accompagner chaque joueur. Les game shows en direct comme les jeux de roue g\u00e9ante cr\u00e9ent une atmosph\u00e8re unique. Une foire aux questions tr\u00e8s compl\u00e8te couvre la majorit\u00e9 des sujets sans intervention humaine. Les options de mise progressive accompagnent les joueurs qui souhaitent monter en gamme prudemment. Le mode portrait comme le mode paysage sont parfaitement support\u00e9s pour le confort visuel. Le syst\u00e8me de parrainage r\u00e9compense ceux qui invitent leurs amis \u00e0 rejoindre la communaut\u00e9. Les variantes r\u00e9gionales de roulette et de blackjack compl\u00e8tent une s\u00e9lection d\u00e9j\u00e0 tr\u00e8s riche. Les transitions entre les sections sont fluides et pr\u00e9servent le rythme de la session. Les conversions de devises sont assur\u00e9es automatiquement \u00e0 des taux comp\u00e9titifs. Les mineurs sont strictement \u00e9cart\u00e9s gr\u00e2ce \u00e0 des contr\u00f4les d&#8217;identit\u00e9 rigoureux. Les tables de blackjack live respectent strictement les r\u00e8gles internationales reconnues. Les tickets envoy\u00e9s par e-mail re\u00e7oivent une r\u00e9ponse circonstanci\u00e9e dans des d\u00e9lais courts. Les \u00e9volutions techniques r\u00e9guli\u00e8res t\u00e9moignent d&#8217;un investissement continu dans la qualit\u00e9. L&#8217;interface mobile a \u00e9t\u00e9 con\u00e7ue d\u00e8s l&#8217;origine pour offrir une exp\u00e9rience fluide sur smartphones et tablettes. Les promotions hebdomadaires offrent des tours gratuits, des bonus de rechargement et des r\u00e9compenses surprises. Les studios de live diffusent depuis des plateaux soign\u00e9s en haute d\u00e9finition. Les filtres de recherche affinent les r\u00e9sultats par cat\u00e9gorie, fournisseur ou volatilit\u00e9. Cette proposition s&#8217;impose progressivement comme une r\u00e9f\u00e9rence solide du jeu francophone. Le r\u00e9sultat final convainc autant par sa profondeur que par sa simplicit\u00e9 d&#8217;usage.<\/p>\n<\/div>\n<p>&nbsp;Andr\u00e9ia Formico <br \/>(UNIFOR)<\/p>\n<p>Augusto Baffa<br \/>(PUC-Rio)<\/p>\n<h2>Culture Track Chairs<\/h2>\n<p>&nbsp;Alessandra Maia <br \/>(UERJ)&nbsp;<\/p>\n<p>Thiago Falc\u00e3o <br \/>(UFPB)<\/p>\n<h2>Education Track Chairs<\/h2>\n<p>Luis Rivero <br \/>(UFMA)<\/p>\n<p>Jacilane de Holanda Rabelo<br \/>(UFC &#8211; Campus Russas)<\/p>\n<h2>Health Track Chairs<\/h2>\n<p>Marcelo Sim\u00e3o de Vasconcellos <br \/>(Funda\u00e7\u00e3o Oswaldo Cruz-Fiocruz)<\/p>\n<p>Rafael Kanitz Braga <br \/>(PUCPR)<\/p>\n<h2>Industry Track Chairs<\/h2>\n<p>Pedro Zambon <br \/>(Unesp)<\/p>\n<p>Thiago Di Freitas <br \/>(Kokku Games)<\/p>\n<p>Carlos Estigarribia <br \/>(RightZero)<\/p>\n<h2>Games and Diversity Chair<\/h2>\n<p>Lucas Goulart<br \/>(UFRGS)<\/p>\n<p>Jaderson Souza<br \/>(USP)<\/p>\n<h2>GranDGamesBR Forum Chairs<\/h2>\n<p>Rodrigo Pereira dos Santos<br \/>(UNIRIO)<\/p>\n<p>Marcelo da Silva Hounsell<br \/>(UDESC)<\/p>\n<h2>Thesis &amp; Dissertations (CTD) Chairs<\/h2>\n<p>Daniel Paiva<br \/>(Unioeste)\u00a0<\/p>\n<p>Fabiana Frata Furlan Peres <br \/>(Unioeste)<\/p>\n<h2>Games in Graduation Workshop (G2) Chairs<\/h2>\n<p>Pollyana Notargiacomo<br \/>(UPM)<\/p>\n<p>Victor Travassos Sarinho <br \/>(UEFS)\u00a0<\/p>\n<p>Rossana Queiroz <br \/>(Unisinos)<\/p>\n<h2>Tutorials Chairs<\/h2>\n<p>Ricardo da Silva Barboza <br \/>(UEA Manaus)<\/p>\n<p>Gabriel Aprigliano Fernandes <br \/>(IFRJ)<\/p>\n<h2>Arts Exhibition Chairs<\/h2>\n<p>Rosilane Mota <br \/>(PUC-Minas \/ UFMG)\u00a0<\/p>\n<p>Marcelo La Caretta <br \/>(PUC-Minas)<\/p>\n<h2>Games Festival Chair<\/h2>\n<p>Rodrigo Motta <br \/>(Unifacisa)<\/p>\n<h2>Publication Chairs<\/h2>\n<p>Cesar Tadeu Pozzer<br \/>(UFSM)<\/p>\n<p>&nbsp;Edirlei Soares de Lima <br \/>(Universidade Europeia)<\/p>\n<h2>Digital Games Education Forum<\/h2>\n<p>Alan Henrique Pardo de Carvalho<br \/>(Fatec S\u00e3o Caetano do Sul, Faculdade Impacta, IGDA-SP)<\/p>\n<h2>SBGames Kids &amp; Teens<\/h2>\n<p>Ana Maria Marques Palagi <br \/>(UNIOESTE)\u00a0<\/p>\n<p>Eliane Schlemmer <br \/>(UNISINOS)<\/p>\n<h2>Volunteers Chair<\/h2>\n<p>Claudio Roberto Marquetto Mauricio <br \/>(Unioeste)<\/p>\n<h2>Social Media<\/h2>\n<p>Claudia Ferraz<br \/>(UFPE)<\/p>\n<h2>Web Assistant<\/h2>\n<p>Arlindo Gomes<br \/>(UFPE)<\/p>\n<p>\t\t\t\t\t\t\t<a href=\"https:\/\/www.facebook.com\/SBGames\" target=\"_blank\" rel=\"noopener noreferrer\"><br \/>\n\t\t\t\t\tFacebook<br \/>\n\t\t\t\t\t\t\t\t\t<\/a><br \/>\n\t\t\t\t\t\t\t<a href=\"https:\/\/twitter.com\/sb_games?lang=en\" target=\"_blank\" rel=\"noopener noreferrer\"><br \/>\n\t\t\t\t\tTwitter<br \/>\n\t\t\t\t\t\t\t\t\t<\/a><br \/>\n\t\t\t\t\t\t\t<a href=\"https:\/\/www.youtube.com\/channel\/UCVUy5UYNDE3a6BChaPRRjTw\" target=\"_blank\" rel=\"noopener noreferrer\"><br \/>\n\t\t\t\t\tYoutube<br \/>\n\t\t\t\t\t\t\t\t\t<\/a><br \/>\n\t\t\t\t\t\t\t<a href=\"https:\/\/www.instagram.com\/sbgames_oficial\/\" target=\"_blank\" rel=\"noopener noreferrer\"><br \/>\n\t\t\t\t\tInstagram<br \/>\n\t\t\t\t\t\t\t\t\t<\/a><\/p>\n<p>@SBGames 2020<\/p>\n","protected":false},"excerpt":{"rendered":"<p>Realized by . Home Registration Tracks Call for Arts &#038; Design Track Call for Computing Track Call for Culture Track Call for Education Track Call for Health Track Call for Industry Track Call for Tutorials Track Activities Games Festival Art Festival Call for Games and Diversity Call for GranDGamesBR Call for Thesis and Dissertations (CTD) [&hellip;]<\/p>\n","protected":false},"author":1,"featured_media":0,"parent":0,"menu_order":0,"comment_status":"closed","ping_status":"closed","template":"elementor_canvas","meta":{"footnotes":""},"class_list":["post-100","page","type-page","status-publish","hentry"],"_links":{"self":[{"href":"https:\/\/www.sbgames.org\/sbgames2020\/wp-json\/wp\/v2\/pages\/100","targetHints":{"allow":["GET"]}}],"collection":[{"href":"https:\/\/www.sbgames.org\/sbgames2020\/wp-json\/wp\/v2\/pages"}],"about":[{"href":"https:\/\/www.sbgames.org\/sbgames2020\/wp-json\/wp\/v2\/types\/page"}],"author":[{"embeddable":true,"href":"https:\/\/www.sbgames.org\/sbgames2020\/wp-json\/wp\/v2\/users\/1"}],"replies":[{"embeddable":true,"href":"https:\/\/www.sbgames.org\/sbgames2020\/wp-json\/wp\/v2\/comments?post=100"}],"version-history":[{"count":55,"href":"https:\/\/www.sbgames.org\/sbgames2020\/wp-json\/wp\/v2\/pages\/100\/revisions"}],"predecessor-version":[{"id":1418,"href":"https:\/\/www.sbgames.org\/sbgames2020\/wp-json\/wp\/v2\/pages\/100\/revisions\/1418"}],"wp:attachment":[{"href":"https:\/\/www.sbgames.org\/sbgames2020\/wp-json\/wp\/v2\/media?parent=100"}],"curies":[{"name":"wp","href":"https:\/\/api.w.org\/{rel}","templated":true}]}}